{"id":146577,"date":"2024-11-15T02:20:44","date_gmt":"2024-11-15T00:20:44","guid":{"rendered":"https:\/\/kt.gov.rs\/?page_id=146577"},"modified":"2026-04-23T14:51:03","modified_gmt":"2026-04-23T12:51:03","slug":"ekonomia","status":"publish","type":"page","link":"https:\/\/kt.gov.rs\/sq\/ekonomia\/","title":{"rendered":"EKONOMIA"},"content":{"rendered":"<div class=\"wpb-content-wrapper\"><p>[vc_row css=\u201d.vc_custom_1731460907973{margin-top: 40px !important;padding-right: 20px !important;padding-left: 20px !important;}\u201d][vc_column][vc_custom_heading text=\u201dEkonomia\u201d font_container=\u201dtag:h2|font_size:33|text_align:left|color:%23000000\u2033 google_fonts=\u201dfont_family:Roboto%3A100%2C100italic%2C300%2C300italic%2Cregular%2Citalic%2C500%2C500italic%2C700%2C700italic%2C900%2C900italic|font_style:500%20bold%20regular%3A500%3Anormal\u201d css=\u201d.vc_custom_1776946708135{padding-left: 20px !important;}\u201d][\/vc_column][\/vc_row][vc_row css=\u201d.vc_custom_1731454945054{margin-top: 40px !important;padding-top: 20px !important;padding-right: 20px !important;padding-bottom: 20px !important;padding-left: 20px !important;background-color: #f4f4f4 !important;border-radius: 5px !important;}\u201d][vc_column][vc_single_image image=\u201d144102\u2033 img_size=\u201dfull\u201d alignment=\u201dcenter\u201d style=\u201dvc_box_rounded\u201d css_animation=\u201dfadeIn\u201d css=\u201d.vc_custom_1731630034059{padding-top: 20px !important;padding-bottom: 20px !important;border-radius: 5px !important;}\u201d][vc_column_text css=\u201d.vc_custom_1776946815314{padding-right: 20px !important;padding-left: 20px !important;}\u201d]<\/p>\n<p data-start=\"14\" data-end=\"434\">Trupi Koordinues p\u00ebr komunat Preshev\u00eb, Bujanoc dhe Medvegj\u00eb, si baz\u00eb t\u00eb rim\u00ebk\u00ebmbjes dhe zhvillimit ekonomik t\u00eb k\u00ebtyre komunave, ka identifikuar zhvillimin dhe investimin n\u00eb ekonomi. Prioritetet strategjike jan\u00eb \u2013 rim\u00ebk\u00ebmbja e nd\u00ebrmarrjeve q\u00eb kan\u00eb qen\u00eb bart\u00ebse t\u00eb zhvillimit n\u00eb tri komunat, mb\u00ebshtetja p\u00ebr nd\u00ebrmarrjet e vogla dhe t\u00eb mesme, sip\u00ebrmarr\u00ebsit dhe kooperativat, si dhe t\u00ebrheqja e investimeve n\u00eb k\u00ebto tri komuna.<\/p>\n<p data-start=\"436\" data-end=\"1145\">Sa i p\u00ebrket mb\u00ebshtetjes p\u00ebr nd\u00ebrmarrjet e vogla dhe t\u00eb mesme, sip\u00ebrmarr\u00ebsit dhe kooperativat, Sh\u00ebrbimi i Trupit Koordinues, n\u00eb bashk\u00ebpunim me komunat Preshev\u00eb, Bujanoc dhe Medvegj\u00eb dhe Od\u00ebn Ekonomike t\u00eb Serbis\u00eb, n\u00eb vitin 2012 ka hartuar nj\u00eb program p\u00ebr ndarjen e mjeteve t\u00eb pakthyeshme p\u00ebr afarist\u00ebt n\u00eb k\u00ebto tri komuna. Q\u00ebllimi i k\u00ebtij programi \u00ebsht\u00eb mb\u00ebshtetja e zhvillimit t\u00eb potencialeve ekonomike t\u00eb komunave Preshev\u00eb, Bujanoc dhe Medvegj\u00eb dhe rritja e prodhimit t\u00eb nd\u00ebrmarrjeve t\u00eb vogla dhe t\u00eb mesme, sip\u00ebrmarr\u00ebsve dhe kooperativave bujq\u00ebsore. Mjetet jan\u00eb t\u00eb destinuara p\u00ebr nd\u00ebrmarrjet e vogla dhe t\u00eb mesme, sip\u00ebrmarr\u00ebsit dhe kooperativat bujq\u00ebsore q\u00eb kan\u00eb seli n\u00eb komunat Preshev\u00eb, Bujanoc dhe Medvegj\u00eb.<\/p>\n<p data-start=\"1147\" data-end=\"1645\">N\u00eb baz\u00eb t\u00eb k\u00ebtij programi, n\u00eb n\u00ebntor t\u00eb vitit 2012, Sh\u00ebrbimi i Trupit Koordinues shpalli konkurs p\u00ebr ndarjen e subvencioneve n\u00eb vler\u00eb prej 40 milion\u00eb dinar\u00ebsh p\u00ebr t\u00eb tri komunat. Konkursi u realizua nga nj\u00eb komision n\u00eb t\u00eb cilin mor\u00ebn pjes\u00eb p\u00ebrfaq\u00ebsues t\u00eb Sh\u00ebrbimit t\u00eb Trupit Koordinues, p\u00ebrfaq\u00ebsues t\u00eb komunave dhe ekspert\u00eb t\u00eb pavarur t\u00eb fush\u00ebs s\u00eb ekonomis\u00eb. Nga 40 afarist\u00eb q\u00eb aplikuan, 15 prej tyre p\u00ebrfituan mjete: 7 nga komuna e Bujanocit, 5 nga komuna e Preshev\u00ebs dhe 3 nga komuna e Medvegj\u00ebs.<\/p>\n<p data-start=\"1647\" data-end=\"1927\">N\u00eb vitin 2013, Sh\u00ebrbimi i Trupit Koordinues shpalli s\u00ebrish konkurs p\u00ebr ndarjen e subvencioneve n\u00eb vler\u00eb prej 60 milion\u00eb dinar\u00ebsh. Pas p\u00ebrfundimit t\u00eb konkurseve, gjithsej 22 afarist\u00eb p\u00ebrfituan mjete: 10 nga komuna e Bujanocit, 8 nga komuna e Preshev\u00ebs dhe 4 nga komuna e Medvegj\u00ebs.<\/p>\n<p data-start=\"1929\" data-end=\"2035\">N\u00eb buxhetin e Sh\u00ebrbimit t\u00eb Trupit Koordinues p\u00ebr vitin 2014, p\u00ebr k\u00ebt\u00eb q\u00ebllim jan\u00eb ndar\u00eb 60 milion\u00eb dinar\u00eb.<\/p>\n<p data-start=\"2037\" data-end=\"2591\">Zbatimi i programit p\u00ebr ndarjen e subvencioneve ka r\u00ebnd\u00ebsi strategjike p\u00ebr komunat Preshev\u00eb, Bujanoc dhe Medvegj\u00eb. Rezultatet e konkurseve t\u00eb realizuara jan\u00eb rritja e numrit t\u00eb t\u00eb pun\u00ebsuarve, fuqizimi i nd\u00ebrmarrjeve t\u00eb vogla dhe t\u00eb mesme, sip\u00ebrmarr\u00ebsve dhe kooperativave bujq\u00ebsore p\u00ebr lidhje m\u00eb efikase n\u00eb tregun lokal, rajonal, komb\u00ebtar dhe nd\u00ebrkomb\u00ebtar, p\u00ebrmir\u00ebsimi i prodhimit me q\u00ebllim t\u00eb rritjes ekonomike, rritja e konkurrueshm\u00ebris\u00eb n\u00eb tregjet vendore dhe t\u00eb huaja, si dhe zhvillimi i prodhimit t\u00eb destinuar p\u00ebr eksport ose z\u00ebvend\u00ebsimin e importit.<\/p>\n<p data-start=\"2593\" data-end=\"2818\">Si vazhdim i aktiviteteve p\u00ebr nxitjen e zhvillimit ekonomik dhe t\u00ebrheqjen e investimeve n\u00eb komunat Preshev\u00eb, Bujanoc dhe Medvegj\u00eb, n\u00eb prill t\u00eb vitit 2013, Trupi Koordinues organizoi Panairin e par\u00eb t\u00eb potencialeve investuese.<\/p>\n<p data-start=\"2820\" data-end=\"3004\">N\u00eb organizimin e k\u00ebtij panairi, p\u00ebrve\u00e7 Trupit Koordinues, mor\u00ebn pjes\u00eb edhe Oda Ekonomike e Serbis\u00eb, komunat dhe Zyrat p\u00ebr zhvillim ekonomik lokal t\u00eb Preshev\u00ebs, Bujanocit dhe Medvegj\u00ebs.<\/p>\n<p data-start=\"3006\" data-end=\"3324\">N\u00eb panair, komunat Preshev\u00eb, Bujanoc dhe Medvegj\u00eb prezantuan potencialet ekonomike dhe mund\u00ebsit\u00eb p\u00ebr investim n\u00eb k\u00ebto tri komuna. Pjes\u00ebmarr\u00ebsit pat\u00ebn mund\u00ebsi t\u00eb zhvillojn\u00eb biseda t\u00eb drejtp\u00ebrdrejta me partner\u00eb t\u00eb mundsh\u00ebm \u2013 fonde investimi, institucione lokale, organe shtet\u00ebrore, subjekte t\u00eb tjera ekonomike dhe banka.<\/p>\n<p data-start=\"3326\" data-end=\"3915\">Gjat\u00eb panairit u organizua edhe nj\u00eb tryez\u00eb e rrumbullak\u00ebt me tem\u00eb \u201cProgrami i mb\u00ebshtetjes shtet\u00ebrore p\u00ebr nd\u00ebrmarrjet e vogla dhe t\u00eb mesme \u2013 burimet e financimit\u201d, ku mor\u00ebn pjes\u00eb p\u00ebrfaq\u00ebsues t\u00eb Ministris\u00eb s\u00eb Financave dhe Ekonomis\u00eb, Ministris\u00eb s\u00eb Zhvillimit Rajonal dhe Vet\u00ebqeverisjes Lokale, Agjencis\u00eb Komb\u00ebtare p\u00ebr Zhvillim Rajonal dhe Agjencis\u00eb p\u00ebr Investime t\u00eb Huaja dhe Promovimin e Eksportit t\u00eb Republik\u00ebs s\u00eb Serbis\u00eb. P\u00ebrfaq\u00ebsuesit e k\u00ebtyre institucioneve konfirmuan p\u00ebrkushtimin p\u00ebr zhvillimin ekonomik dhe fuqizimin e k\u00ebtyre komunave m\u00eb pak t\u00eb zhvilluara n\u00eb jug t\u00eb Serbis\u00eb qendrore.<\/p>\n<p data-start=\"3917\" data-end=\"4412\">Rim\u00ebk\u00ebmbja e nd\u00ebrmarrjeve q\u00eb kan\u00eb qen\u00eb bart\u00ebse t\u00eb zhvillimit ekonomik n\u00eb k\u00ebto tri komuna \u00ebsht\u00eb jasht\u00ebzakonisht e r\u00ebnd\u00ebsishme p\u00ebr zhvillimin e ekonomis\u00eb n\u00eb jug t\u00eb Serbis\u00eb. Q\u00eb nga fillimi i vitit 2013, Trupi Koordinues ka qen\u00eb i angazhuar n\u00eb realizimin e aktiviteteve p\u00ebr ringjalljen e ish-shtyll\u00ebs s\u00eb zhvillimit ekonomik t\u00eb Bujanocit, nd\u00ebrmarrjes shoq\u00ebrore \u201cGumoplastika\u201d. \u201cGumoplastika\u201d \u00ebsht\u00eb themeluar n\u00eb vitin 1959 dhe merret me p\u00ebrpunimin e plastik\u00ebs, gom\u00ebs, metalit dhe prodhimin e k\u00ebpuc\u00ebve.<\/p>\n<p data-start=\"4414\" data-end=\"4859\">Ndaj k\u00ebsaj nd\u00ebrmarrjeje \u00ebsht\u00eb hapur procedur\u00eb falimentimi n\u00eb vitin 1998. Me p\u00ebrpjekje t\u00eb p\u00ebrbashk\u00ebta t\u00eb Qeveris\u00eb s\u00eb Republik\u00ebs s\u00eb Serbis\u00eb dhe Trupit Koordinues, \u201cGumoplastika\u201d pas 15 vitesh doli nga falimentimi dhe filloi nj\u00eb faz\u00eb t\u00eb re t\u00eb biznesit si shoq\u00ebri me p\u00ebrgjegj\u00ebsi t\u00eb kufizuar. Hapi i radh\u00ebs i Trupit Koordinues dhe komun\u00ebs s\u00eb Bujanocit \u00ebsht\u00eb gjetja e nj\u00eb investitori me q\u00ebllim ringjalljen e aktivitetit prodhues t\u00eb k\u00ebsaj nd\u00ebrmarrjeje.<\/p>\n<p data-start=\"4861\" data-end=\"4995\" data-is-last-node=\"\" data-is-only-node=\"\">Zhvillimi ekonomik i Preshev\u00ebs, Bujanocit dhe Medvegj\u00ebs \u00ebsht\u00eb prioritet ky\u00e7 i Trupit Koordinues dhe Qeveris\u00eb s\u00eb Republik\u00ebs s\u00eb Serbis\u00eb.<\/p>\n<p>[\/vc_column_text][\/vc_column][\/vc_row][vc_row css=\u201d.vc_custom_1731454961284{padding-top: 30px !important;}\u201d][vc_column width=\u201d1\/4\u2033][vc_facebook css=\u201d\u201d][\/vc_column][vc_column width=\u201d1\/4\u2033][vc_tweetmeme css=\u201d\u201d][\/vc_column][vc_column width=\u201d1\/4\u2033][\/vc_column][vc_column width=\u201d1\/4\u2033][\/vc_column][\/vc_row]<\/p>\n<!-- PMB print buttons is only displayed on a single post\/page URLs--><\/div>","protected":false},"excerpt":{"rendered":"<p>[vc_row css=\u201d.vc_custom_1731460907973{margin-top: 40px !important;padding-right: 20px !important;padding-left: 20px !important;}\u201d][vc_column][vc_custom_heading text=\u201dEkonomia\u201d font_container=\u201dtag:h2|font_size:33|text_align:left|color:%23000000\u2033 google_fonts=\u201dfont_family:Roboto%3A100%2C100italic%2C300%2C300italic%2Cregular%2Citalic%2C500%2C500italic%2C700%2C700italic%2C900%2C900italic|font_style:500%20bold%20regular%3A500%3Anormal\u201d css=\u201d.vc_custom_1776946708135{padding-left: 20px !important;}\u201d][\/vc_column][\/vc_row][vc_row css=\u201d.vc_custom_1731454945054{margin-top: 40px !important;padding-top: 20px !important;padding-right: 20px !important;padding-bottom: 20px !important;padding-left: 20px !important;background-color: #f4f4f4 !important;border-radius: 5px !important;}\u201d][vc_column][vc_single_image image=\u201d144102\u2033 img_size=\u201dfull\u201d alignment=\u201dcenter\u201d style=\u201dvc_box_rounded\u201d css_animation=\u201dfadeIn\u201d css=\u201d.vc_custom_1731630034059{padding-top: 20px !important;padding-bottom: 20px !important;border-radius: 5px !important;}\u201d][vc_column_text css=\u201d.vc_custom_1776946815314{padding-right: 20px !important;padding-left: 20px !important;}\u201d] Trupi Koordinues p\u00ebr komunat Preshev\u00eb, Bujanoc dhe Medvegj\u00eb, si<\/p>\n","protected":false},"author":1,"featured_media":0,"parent":0,"menu_order":0,"comment_status":"closed","ping_status":"closed","template":"template-default-without-breadcrumbs.php","meta":{"footnotes":""},"class_list":["post-146577","page","type-page","status-publish","hentry"],"yoast_head":"<!-- This site is optimized with the Yoast SEO plugin v27.4 - https:\/\/yoast.com\/product\/yoast-seo-wordpress\/ -->\n<title>EKONOMIA - Republika e S\u00ebrbis\u00eb Trupi Koordinues p\u00ebr komunat Bujanoc, Preshev\u00eb dhe Medvegj\u00eb<\/title>\n<meta name=\"robots\" content=\"index, follow, max-snippet:-1, max-image-preview:large, max-video-preview:-1\" \/>\n<link rel=\"canonical\" href=\"https:\/\/kt.gov.rs\/sq\/ekonomia\/\" \/>\n<meta property=\"og:locale\" content=\"sq_AL\" \/>\n<meta property=\"og:type\" content=\"article\" \/>\n<meta property=\"og:title\" content=\"EKONOMIA - Republika e S\u00ebrbis\u00eb Trupi Koordinues p\u00ebr komunat Bujanoc, Preshev\u00eb dhe Medvegj\u00eb\" \/>\n<meta property=\"og:description\" content=\"[vc_row css=\u201d.vc_custom_1731460907973{margin-top: 40px !important;padding-right: 20px !important;padding-left: 20px !important;}\u201d][vc_column][vc_custom_heading text=\u201dEkonomia\u201d font_container=\u201dtag:h2|font_size:33|text_align:left|color:%23000000\u2033 google_fonts=\u201dfont_family:Roboto%3A100%2C100italic%2C300%2C300italic%2Cregular%2Citalic%2C500%2C500italic%2C700%2C700italic%2C900%2C900italic|font_style:500%20bold%20regular%3A500%3Anormal\u201d css=\u201d.vc_custom_1776946708135{padding-left: 20px !important;}\u201d][\/vc_column][\/vc_row][vc_row css=\u201d.vc_custom_1731454945054{margin-top: 40px !important;padding-top: 20px !important;padding-right: 20px !important;padding-bottom: 20px !important;padding-left: 20px !important;background-color: #f4f4f4 !important;border-radius: 5px !important;}\u201d][vc_column][vc_single_image image=\u201d144102\u2033 img_size=\u201dfull\u201d alignment=\u201dcenter\u201d style=\u201dvc_box_rounded\u201d css_animation=\u201dfadeIn\u201d css=\u201d.vc_custom_1731630034059{padding-top: 20px !important;padding-bottom: 20px !important;border-radius: 5px !important;}\u201d][vc_column_text css=\u201d.vc_custom_1776946815314{padding-right: 20px !important;padding-left: 20px !important;}\u201d] Trupi Koordinues p\u00ebr komunat Preshev\u00eb, Bujanoc dhe Medvegj\u00eb, si\" \/>\n<meta property=\"og:url\" content=\"https:\/\/kt.gov.rs\/sq\/ekonomia\/\" \/>\n<meta property=\"og:site_name\" content=\"Republika e S\u00ebrbis\u00eb Trupi Koordinues p\u00ebr komunat Bujanoc, Preshev\u00eb dhe Medvegj\u00eb\" \/>\n<meta property=\"article:publisher\" content=\"https:\/\/www.facebook.com\/SluzbaKoordinacionogTelaVladeRepublikeSrbije\" \/>\n<meta property=\"article:modified_time\" content=\"2026-04-23T12:51:03+00:00\" \/>\n<meta name=\"twitter:card\" content=\"summary_large_image\" \/>\n<meta name=\"twitter:site\" content=\"@kt_gov\" \/>\n<meta name=\"twitter:label1\" content=\"Est. reading time\" \/>\n\t<meta name=\"twitter:data1\" content=\"5 minutes\" \/>\n<script type=\"application\/ld+json\" class=\"yoast-schema-graph\">{\"@context\":\"https:\\\/\\\/schema.org\",\"@graph\":[{\"@type\":\"WebPage\",\"@id\":\"https:\\\/\\\/kt.gov.rs\\\/sq\\\/ekonomia\\\/\",\"url\":\"https:\\\/\\\/kt.gov.rs\\\/sq\\\/ekonomia\\\/\",\"name\":\"EKONOMIA - Republika e S\u00ebrbis\u00eb Trupi Koordinues p\u00ebr komunat Bujanoc, Preshev\u00eb dhe Medvegj\u00eb\",\"isPartOf\":{\"@id\":\"https:\\\/\\\/kt.gov.rs\\\/#website\"},\"datePublished\":\"2024-11-15T00:20:44+00:00\",\"dateModified\":\"2026-04-23T12:51:03+00:00\",\"breadcrumb\":{\"@id\":\"https:\\\/\\\/kt.gov.rs\\\/sq\\\/ekonomia\\\/#breadcrumb\"},\"inLanguage\":\"sq-AL\",\"potentialAction\":[{\"@type\":\"ReadAction\",\"target\":[\"https:\\\/\\\/kt.gov.rs\\\/sq\\\/ekonomia\\\/\"]}]},{\"@type\":\"BreadcrumbList\",\"@id\":\"https:\\\/\\\/kt.gov.rs\\\/sq\\\/ekonomia\\\/#breadcrumb\",\"itemListElement\":[{\"@type\":\"ListItem\",\"position\":1,\"name\":\"\u041f\u043e\u0447\u0435\u0442\u043d\u0430\",\"item\":\"https:\\\/\\\/kt.gov.rs\\\/sq\\\/\"},{\"@type\":\"ListItem\",\"position\":2,\"name\":\"EKONOMIA\"}]},{\"@type\":\"WebSite\",\"@id\":\"https:\\\/\\\/kt.gov.rs\\\/#website\",\"url\":\"https:\\\/\\\/kt.gov.rs\\\/\",\"name\":\"\u041a\u043e\u043e\u0440\u0434\u0438\u043d\u0430\u0446\u0438\u043e\u043d\u043e \u0442\u0435\u043b\u043e \u0412\u043b\u0430\u0434\u0435 \u0420\u0435\u043f\u0443\u0431\u043b\u0438\u043a\u0435 \u0421\u0440\u0431\u0438\u0458\u0435 \u0437\u0430 \u043e\u043f\u0448\u0442\u0438\u043d\u0435 \u041f\u0440\u0435\u0448\u0435\u0432\u043e, \u0411\u0443\u0458\u0430\u043d\u043e\u0432\u0430\u0446 \u0438 \u041c\u0435\u0434\u0432\u0435\u0452a\",\"description\":\"\",\"publisher\":{\"@id\":\"https:\\\/\\\/kt.gov.rs\\\/#organization\"},\"alternateName\":\"\u041a\u043e\u043e\u0440\u0434\u0438\u043d\u0430\u0446\u0438\u043e\u043d\u043e \u0442\u0435\u043b\u043e\",\"potentialAction\":[{\"@type\":\"SearchAction\",\"target\":{\"@type\":\"EntryPoint\",\"urlTemplate\":\"https:\\\/\\\/kt.gov.rs\\\/?s={search_term_string}\"},\"query-input\":{\"@type\":\"PropertyValueSpecification\",\"valueRequired\":true,\"valueName\":\"search_term_string\"}}],\"inLanguage\":\"sq-AL\"},{\"@type\":\"Organization\",\"@id\":\"https:\\\/\\\/kt.gov.rs\\\/#organization\",\"name\":\"\u041a\u043e\u043e\u0440\u0434\u0438\u043d\u0430\u0446\u0438\u043e\u043d\u043e \u0442\u0435\u043b\u043e \u0412\u043b\u0430\u0434\u0435 \u0420\u0435\u043f\u0443\u0431\u043b\u0438\u043a\u0435 \u0421\u0440\u0431\u0438\u0458\u0435 \u0437\u0430 \u043e\u043f\u0448\u0442\u0438\u043d\u0435 \u041f\u0440\u0435\u0448\u0435\u0432\u043e, \u0411\u0443\u0458\u0430\u043d\u043e\u0432\u0430\u0446 \u0438 \u041c\u0435\u0434\u0432\u0435\u0452a\",\"alternateName\":\"\u041a\u043e\u043e\u0440\u0434\u0438\u043d\u0430\u0446\u0438\u043e\u043d\u043e \u0442\u0435\u043b\u043e\",\"url\":\"https:\\\/\\\/kt.gov.rs\\\/\",\"logo\":{\"@type\":\"ImageObject\",\"inLanguage\":\"sq-AL\",\"@id\":\"https:\\\/\\\/kt.gov.rs\\\/#\\\/schema\\\/logo\\\/image\\\/\",\"url\":\"https:\\\/\\\/kt.gov.rs\\\/wp-content\\\/uploads\\\/2024\\\/12\\\/koord2.jpg\",\"contentUrl\":\"https:\\\/\\\/kt.gov.rs\\\/wp-content\\\/uploads\\\/2024\\\/12\\\/koord2.jpg\",\"width\":640,\"height\":480,\"caption\":\"\u041a\u043e\u043e\u0440\u0434\u0438\u043d\u0430\u0446\u0438\u043e\u043d\u043e \u0442\u0435\u043b\u043e \u0412\u043b\u0430\u0434\u0435 \u0420\u0435\u043f\u0443\u0431\u043b\u0438\u043a\u0435 \u0421\u0440\u0431\u0438\u0458\u0435 \u0437\u0430 \u043e\u043f\u0448\u0442\u0438\u043d\u0435 \u041f\u0440\u0435\u0448\u0435\u0432\u043e, \u0411\u0443\u0458\u0430\u043d\u043e\u0432\u0430\u0446 \u0438 \u041c\u0435\u0434\u0432\u0435\u0452a\"},\"image\":{\"@id\":\"https:\\\/\\\/kt.gov.rs\\\/#\\\/schema\\\/logo\\\/image\\\/\"},\"sameAs\":[\"https:\\\/\\\/www.facebook.com\\\/SluzbaKoordinacionogTelaVladeRepublikeSrbije\",\"https:\\\/\\\/x.com\\\/kt_gov\",\"https:\\\/\\\/www.youtube.com\\\/@koordinacionotelo\"]}]}<\/script>\n<!-- \/ Yoast SEO plugin. -->","yoast_head_json":{"title":"EKONOMIA - Republika e S\u00ebrbis\u00eb Trupi Koordinues p\u00ebr komunat Bujanoc, Preshev\u00eb dhe Medvegj\u00eb","robots":{"index":"index","follow":"follow","max-snippet":"max-snippet:-1","max-image-preview":"max-image-preview:large","max-video-preview":"max-video-preview:-1"},"canonical":"https:\/\/kt.gov.rs\/sq\/ekonomia\/","og_locale":"sq_AL","og_type":"article","og_title":"EKONOMIA - Republika e S\u00ebrbis\u00eb Trupi Koordinues p\u00ebr komunat Bujanoc, Preshev\u00eb dhe Medvegj\u00eb","og_description":"[vc_row css=\u201d.vc_custom_1731460907973{margin-top: 40px !important;padding-right: 20px !important;padding-left: 20px !important;}\u201d][vc_column][vc_custom_heading text=\u201dEkonomia\u201d font_container=\u201dtag:h2|font_size:33|text_align:left|color:%23000000\u2033 google_fonts=\u201dfont_family:Roboto%3A100%2C100italic%2C300%2C300italic%2Cregular%2Citalic%2C500%2C500italic%2C700%2C700italic%2C900%2C900italic|font_style:500%20bold%20regular%3A500%3Anormal\u201d css=\u201d.vc_custom_1776946708135{padding-left: 20px !important;}\u201d][\/vc_column][\/vc_row][vc_row css=\u201d.vc_custom_1731454945054{margin-top: 40px !important;padding-top: 20px !important;padding-right: 20px !important;padding-bottom: 20px !important;padding-left: 20px !important;background-color: #f4f4f4 !important;border-radius: 5px !important;}\u201d][vc_column][vc_single_image image=\u201d144102\u2033 img_size=\u201dfull\u201d alignment=\u201dcenter\u201d style=\u201dvc_box_rounded\u201d css_animation=\u201dfadeIn\u201d css=\u201d.vc_custom_1731630034059{padding-top: 20px !important;padding-bottom: 20px !important;border-radius: 5px !important;}\u201d][vc_column_text css=\u201d.vc_custom_1776946815314{padding-right: 20px !important;padding-left: 20px !important;}\u201d] Trupi Koordinues p\u00ebr komunat Preshev\u00eb, Bujanoc dhe Medvegj\u00eb, si","og_url":"https:\/\/kt.gov.rs\/sq\/ekonomia\/","og_site_name":"Republika e S\u00ebrbis\u00eb Trupi Koordinues p\u00ebr komunat Bujanoc, Preshev\u00eb dhe Medvegj\u00eb","article_publisher":"https:\/\/www.facebook.com\/SluzbaKoordinacionogTelaVladeRepublikeSrbije","article_modified_time":"2026-04-23T12:51:03+00:00","twitter_card":"summary_large_image","twitter_site":"@kt_gov","twitter_misc":{"Est. reading time":"5 minutes"},"schema":{"@context":"https:\/\/schema.org","@graph":[{"@type":"WebPage","@id":"https:\/\/kt.gov.rs\/sq\/ekonomia\/","url":"https:\/\/kt.gov.rs\/sq\/ekonomia\/","name":"EKONOMIA - Republika e S\u00ebrbis\u00eb Trupi Koordinues p\u00ebr komunat Bujanoc, Preshev\u00eb dhe Medvegj\u00eb","isPartOf":{"@id":"https:\/\/kt.gov.rs\/#website"},"datePublished":"2024-11-15T00:20:44+00:00","dateModified":"2026-04-23T12:51:03+00:00","breadcrumb":{"@id":"https:\/\/kt.gov.rs\/sq\/ekonomia\/#breadcrumb"},"inLanguage":"sq-AL","potentialAction":[{"@type":"ReadAction","target":["https:\/\/kt.gov.rs\/sq\/ekonomia\/"]}]},{"@type":"BreadcrumbList","@id":"https:\/\/kt.gov.rs\/sq\/ekonomia\/#breadcrumb","itemListElement":[{"@type":"ListItem","position":1,"name":"\u041f\u043e\u0447\u0435\u0442\u043d\u0430","item":"https:\/\/kt.gov.rs\/sq\/"},{"@type":"ListItem","position":2,"name":"EKONOMIA"}]},{"@type":"WebSite","@id":"https:\/\/kt.gov.rs\/#website","url":"https:\/\/kt.gov.rs\/","name":"\u041a\u043e\u043e\u0440\u0434\u0438\u043d\u0430\u0446\u0438\u043e\u043d\u043e \u0442\u0435\u043b\u043e \u0412\u043b\u0430\u0434\u0435 \u0420\u0435\u043f\u0443\u0431\u043b\u0438\u043a\u0435 \u0421\u0440\u0431\u0438\u0458\u0435 \u0437\u0430 \u043e\u043f\u0448\u0442\u0438\u043d\u0435 \u041f\u0440\u0435\u0448\u0435\u0432\u043e, \u0411\u0443\u0458\u0430\u043d\u043e\u0432\u0430\u0446 \u0438 \u041c\u0435\u0434\u0432\u0435\u0452a","description":"","publisher":{"@id":"https:\/\/kt.gov.rs\/#organization"},"alternateName":"\u041a\u043e\u043e\u0440\u0434\u0438\u043d\u0430\u0446\u0438\u043e\u043d\u043e \u0442\u0435\u043b\u043e","potentialAction":[{"@type":"SearchAction","target":{"@type":"EntryPoint","urlTemplate":"https:\/\/kt.gov.rs\/?s={search_term_string}"},"query-input":{"@type":"PropertyValueSpecification","valueRequired":true,"valueName":"search_term_string"}}],"inLanguage":"sq-AL"},{"@type":"Organization","@id":"https:\/\/kt.gov.rs\/#organization","name":"\u041a\u043e\u043e\u0440\u0434\u0438\u043d\u0430\u0446\u0438\u043e\u043d\u043e \u0442\u0435\u043b\u043e \u0412\u043b\u0430\u0434\u0435 \u0420\u0435\u043f\u0443\u0431\u043b\u0438\u043a\u0435 \u0421\u0440\u0431\u0438\u0458\u0435 \u0437\u0430 \u043e\u043f\u0448\u0442\u0438\u043d\u0435 \u041f\u0440\u0435\u0448\u0435\u0432\u043e, \u0411\u0443\u0458\u0430\u043d\u043e\u0432\u0430\u0446 \u0438 \u041c\u0435\u0434\u0432\u0435\u0452a","alternateName":"\u041a\u043e\u043e\u0440\u0434\u0438\u043d\u0430\u0446\u0438\u043e\u043d\u043e \u0442\u0435\u043b\u043e","url":"https:\/\/kt.gov.rs\/","logo":{"@type":"ImageObject","inLanguage":"sq-AL","@id":"https:\/\/kt.gov.rs\/#\/schema\/logo\/image\/","url":"https:\/\/kt.gov.rs\/wp-content\/uploads\/2024\/12\/koord2.jpg","contentUrl":"https:\/\/kt.gov.rs\/wp-content\/uploads\/2024\/12\/koord2.jpg","width":640,"height":480,"caption":"\u041a\u043e\u043e\u0440\u0434\u0438\u043d\u0430\u0446\u0438\u043e\u043d\u043e \u0442\u0435\u043b\u043e \u0412\u043b\u0430\u0434\u0435 \u0420\u0435\u043f\u0443\u0431\u043b\u0438\u043a\u0435 \u0421\u0440\u0431\u0438\u0458\u0435 \u0437\u0430 \u043e\u043f\u0448\u0442\u0438\u043d\u0435 \u041f\u0440\u0435\u0448\u0435\u0432\u043e, \u0411\u0443\u0458\u0430\u043d\u043e\u0432\u0430\u0446 \u0438 \u041c\u0435\u0434\u0432\u0435\u0452a"},"image":{"@id":"https:\/\/kt.gov.rs\/#\/schema\/logo\/image\/"},"sameAs":["https:\/\/www.facebook.com\/SluzbaKoordinacionogTelaVladeRepublikeSrbije","https:\/\/x.com\/kt_gov","https:\/\/www.youtube.com\/@koordinacionotelo"]}]}},"_links":{"self":[{"href":"https:\/\/kt.gov.rs\/sq\/wp-json\/wp\/v2\/pages\/146577","targetHints":{"allow":["GET"]}}],"collection":[{"href":"https:\/\/kt.gov.rs\/sq\/wp-json\/wp\/v2\/pages"}],"about":[{"href":"https:\/\/kt.gov.rs\/sq\/wp-json\/wp\/v2\/types\/page"}],"author":[{"embeddable":true,"href":"https:\/\/kt.gov.rs\/sq\/wp-json\/wp\/v2\/users\/1"}],"replies":[{"embeddable":true,"href":"https:\/\/kt.gov.rs\/sq\/wp-json\/wp\/v2\/comments?post=146577"}],"version-history":[{"count":2,"href":"https:\/\/kt.gov.rs\/sq\/wp-json\/wp\/v2\/pages\/146577\/revisions"}],"predecessor-version":[{"id":146579,"href":"https:\/\/kt.gov.rs\/sq\/wp-json\/wp\/v2\/pages\/146577\/revisions\/146579"}],"wp:attachment":[{"href":"https:\/\/kt.gov.rs\/sq\/wp-json\/wp\/v2\/media?parent=146577"}],"curies":[{"name":"wp","href":"https:\/\/api.w.org\/{rel}","templated":true}]}}