{"id":146249,"date":"2024-11-15T12:04:01","date_gmt":"2024-11-15T10:04:01","guid":{"rendered":"https:\/\/kt.gov.rs\/?page_id=146249"},"modified":"2025-12-17T12:36:28","modified_gmt":"2025-12-17T10:36:28","slug":"kontakt","status":"publish","type":"page","link":"https:\/\/kt.gov.rs\/sq\/kontakt\/","title":{"rendered":"Kontakt"},"content":{"rendered":"<div class=\"wpb-content-wrapper\"><p>[vc_row css=\u201d.vc_custom_1731460907973{margin-top: 40px !important;padding-right: 20px !important;padding-left: 20px !important;}\u201d][vc_column][vc_custom_heading text=\u201dKontakt\u201d font_container=\u201dtag:h2|font_size:33|text_align:left|color:%23000000\u2033 google_fonts=\u201dfont_family:Roboto%3A100%2C100italic%2C300%2C300italic%2Cregular%2Citalic%2C500%2C500italic%2C700%2C700italic%2C900%2C900italic|font_style:500%20bold%20regular%3A500%3Anormal\u201d css=\u201d.vc_custom_1765967709920{padding-left: 20px !important;}\u201d][\/vc_column][\/vc_row][vc_row css=\u201d.vc_custom_1731454945054{margin-top: 40px !important;padding-top: 20px !important;padding-right: 20px !important;padding-bottom: 20px !important;padding-left: 20px !important;background-color: #f4f4f4 !important;border-radius: 5px !important;}\u201d][vc_column][vc_single_image image=\u201d144260\u2033 img_size=\u201dfull\u201d alignment=\u201dcenter\u201d style=\u201dvc_box_rounded\u201d css_animation=\u201dfadeIn\u201d css=\u201d.vc_custom_1731665024178{padding-top: 20px !important;padding-bottom: 20px !important;border-radius: 5px !important;}\u201d][vc_column_text css=\u201d.vc_custom_1765967770740{padding-right: 20px !important;padding-left: 20px !important;}\u201d]<\/p>\n<h3 data-start=\"19\" data-end=\"68\"><strong data-start=\"23\" data-end=\"68\">Kabineti i Kryetarit t\u00eb Trupit Koordinues<\/strong><\/h3>\n<p data-start=\"70\" data-end=\"127\"><strong data-start=\"70\" data-end=\"80\">Adresa<\/strong><br data-start=\"80\" data-end=\"83\" \/>Bulevardi Mihaila Pupina 2<br data-start=\"109\" data-end=\"112\" \/>11070 Beograd<\/p>\n<p data-start=\"129\" data-end=\"164\"><strong data-start=\"129\" data-end=\"137\">Tel:<\/strong> 011\/21 44 367, 21 44 283<\/p>\n<p data-start=\"166\" data-end=\"197\"><strong data-start=\"166\" data-end=\"177\">E-mail:<\/strong> <a class=\"decorated-link cursor-pointer\" rel=\"noopener\" data-start=\"178\" data-end=\"195\">kabinet@kt.gov.rs<\/a><\/p>\n<hr data-start=\"199\" data-end=\"202\" \/>\n<h3 data-start=\"204\" data-end=\"251\"><strong data-start=\"208\" data-end=\"251\">Sh\u00ebrbimi i Trupit Koordinues n\u00eb Beograd<\/strong><\/h3>\n<p data-start=\"253\" data-end=\"310\"><strong data-start=\"253\" data-end=\"263\">Adresa<\/strong><br data-start=\"263\" data-end=\"266\" \/>Bulevardi Mihaila Pupina 2<br data-start=\"292\" data-end=\"295\" \/>11070 Beograd<\/p>\n<h4 data-start=\"312\" data-end=\"375\"><strong data-start=\"317\" data-end=\"375\">Kabineti i Drejtorit t\u00eb Sh\u00ebrbimit t\u00eb Trupit Koordinues<\/strong><\/h4>\n<p data-start=\"377\" data-end=\"412\"><strong data-start=\"377\" data-end=\"385\">Tel:<\/strong> 011\/21 44 367, 21 44 283<\/p>\n<p data-start=\"414\" data-end=\"452\"><strong data-start=\"414\" data-end=\"425\">E-mail:<\/strong> <a class=\"decorated-link cursor-pointer\" rel=\"noopener\" data-start=\"426\" data-end=\"450\">nenad.mitrovic@kt.gov.rs<\/a><\/p>\n<h4 data-start=\"454\" data-end=\"525\"><strong data-start=\"459\" data-end=\"525\">Kabineti i Z\u00ebvend\u00ebsdrejtorit t\u00eb Sh\u00ebrbimit t\u00eb Trupit Koordinues<\/strong><\/h4>\n<p data-start=\"527\" data-end=\"562\"><strong data-start=\"527\" data-end=\"535\">Tel:<\/strong> 011\/212-09-06, 212-09-07<\/p>\n<p data-start=\"564\" data-end=\"594\"><strong data-start=\"564\" data-end=\"575\">E-mail:<\/strong> <a class=\"decorated-link cursor-pointer\" rel=\"noopener\" data-start=\"576\" data-end=\"592\">office@kt.gov.rs<\/a><\/p>\n<h4 data-start=\"596\" data-end=\"615\"><strong data-start=\"601\" data-end=\"613\">Financat<\/strong><\/h4>\n<p data-start=\"616\" data-end=\"640\"><strong data-start=\"616\" data-end=\"624\">Tel:<\/strong> 011\/21 20 908<\/p>\n<h4 data-start=\"642\" data-end=\"676\"><strong data-start=\"647\" data-end=\"674\">\u00c7\u00ebshtje t\u00eb p\u00ebrgjithshme<\/strong><\/h4>\n<p data-start=\"677\" data-end=\"701\"><strong data-start=\"677\" data-end=\"685\">Tel:<\/strong> 011\/21 20 912<\/p>\n<h4 data-start=\"703\" data-end=\"730\"><strong data-start=\"708\" data-end=\"728\">Sh\u00ebrbimi juridik<\/strong><\/h4>\n<p data-start=\"731\" data-end=\"755\"><strong data-start=\"731\" data-end=\"739\">Tel:<\/strong> 011\/21 20 915<\/p>\n<hr data-start=\"757\" data-end=\"760\" \/>\n<h3 data-start=\"762\" data-end=\"786\"><strong data-start=\"766\" data-end=\"786\">Zyra n\u00eb Preshev\u00eb<\/strong><\/h3>\n<p data-start=\"788\" data-end=\"829\"><strong data-start=\"788\" data-end=\"798\">Adresa<\/strong><br data-start=\"798\" data-end=\"801\" \/>Rr. Save Kova\u00e7eviq, nr. 12<\/p>\n<p data-start=\"831\" data-end=\"921\"><strong data-start=\"831\" data-end=\"845\">Telefonat:<\/strong><br data-start=\"845\" data-end=\"848\" \/>017 860 842<br data-start=\"859\" data-end=\"862\" \/>017 860 843 (sekretaria)<br data-start=\"886\" data-end=\"889\" \/>017 860 844 faks<br data-start=\"905\" data-end=\"908\" \/>017 860 845<\/p>\n<p data-start=\"923\" data-end=\"961\"><strong data-start=\"923\" data-end=\"934\">E-mail:<\/strong> <a class=\"decorated-link cursor-pointer\" rel=\"noopener\" data-start=\"935\" data-end=\"959\">office.presevo@kt.gov.rs<\/a><\/p>\n<hr data-start=\"963\" data-end=\"966\" \/>\n<h3 data-start=\"968\" data-end=\"991\"><strong data-start=\"972\" data-end=\"991\">Zyra n\u00eb Bujanoc<\/strong><\/h3>\n<p data-start=\"993\" data-end=\"1041\"><strong data-start=\"993\" data-end=\"1003\">Adresa<\/strong><br data-start=\"1003\" data-end=\"1006\" \/>Rr. Karagjorgje Petroviq, nr. 115<\/p>\n<p data-start=\"1043\" data-end=\"1142\"><strong data-start=\"1043\" data-end=\"1057\">Telefonat:<\/strong><br data-start=\"1057\" data-end=\"1060\" \/>017 854 600<br data-start=\"1071\" data-end=\"1074\" \/>017 854 601 (sekretaria)<br data-start=\"1098\" data-end=\"1101\" \/>017 854 602 tel\/faks<br data-start=\"1121\" data-end=\"1124\" \/>017 854 604 faks<\/p>\n<p data-start=\"1144\" data-end=\"1182\" data-is-last-node=\"\" data-is-only-node=\"\"><strong data-start=\"1144\" data-end=\"1155\">E-mail:<\/strong> <a class=\"decorated-link cursor-pointer\" rel=\"noopener\" data-start=\"1156\" data-end=\"1182\" data-is-last-node=\"\">office.bujanovac@kt.gov.rs<\/a><\/p>\n<p>\u00a0[\/vc_column_text][\/vc_column][\/vc_row][vc_row css=\u201d.vc_custom_1731454961284{padding-top: 30px !important;}\u201d][vc_column width=\u201d1\/4\u2033][vc_facebook css=\u201d\u201d][\/vc_column][vc_column width=\u201d1\/4\u2033][vc_tweetmeme css=\u201d\u201d][\/vc_column][vc_column width=\u201d1\/4\u2033][\/vc_column][vc_column width=\u201d1\/4\u2033][\/vc_column][\/vc_row]<\/p>\n<!-- PMB print buttons is only displayed on a single post\/page URLs--><\/div>","protected":false},"excerpt":{"rendered":"<p>[vc_row css=\u201d.vc_custom_1731460907973{margin-top: 40px !important;padding-right: 20px !important;padding-left: 20px !important;}\u201d][vc_column][vc_custom_heading text=\u201dKontakt\u201d font_container=\u201dtag:h2|font_size:33|text_align:left|color:%23000000\u2033 google_fonts=\u201dfont_family:Roboto%3A100%2C100italic%2C300%2C300italic%2Cregular%2Citalic%2C500%2C500italic%2C700%2C700italic%2C900%2C900italic|font_style:500%20bold%20regular%3A500%3Anormal\u201d css=\u201d.vc_custom_1765967709920{padding-left: 20px !important;}\u201d][\/vc_column][\/vc_row][vc_row css=\u201d.vc_custom_1731454945054{margin-top: 40px !important;padding-top: 20px !important;padding-right: 20px !important;padding-bottom: 20px !important;padding-left: 20px !important;background-color: #f4f4f4 !important;border-radius: 5px !important;}\u201d][vc_column][vc_single_image image=\u201d144260\u2033 img_size=\u201dfull\u201d alignment=\u201dcenter\u201d style=\u201dvc_box_rounded\u201d css_animation=\u201dfadeIn\u201d css=\u201d.vc_custom_1731665024178{padding-top: 20px !important;padding-bottom: 20px !important;border-radius: 5px !important;}\u201d][vc_column_text css=\u201d.vc_custom_1765967770740{padding-right: 20px !important;padding-left: 20px !important;}\u201d] Kabineti i Kryetarit t\u00eb Trupit Koordinues AdresaBulevardi Mihaila Pupina<\/p>\n","protected":false},"author":1,"featured_media":0,"parent":0,"menu_order":0,"comment_status":"closed","ping_status":"closed","template":"template-default-without-breadcrumbs.php","meta":{"footnotes":""},"class_list":["post-146249","page","type-page","status-publish","hentry"],"yoast_head":"<!-- This site is optimized with the Yoast SEO plugin v27.3 - https:\/\/yoast.com\/product\/yoast-seo-wordpress\/ -->\n<title>Kontakt - Republika e S\u00ebrbis\u00eb Trupi Koordinues p\u00ebr komunat Bujanoc, Preshev\u00eb dhe Medvegj\u00eb<\/title>\n<meta name=\"robots\" content=\"index, follow, max-snippet:-1, max-image-preview:large, max-video-preview:-1\" \/>\n<link rel=\"canonical\" href=\"https:\/\/kt.gov.rs\/sq\/kontakt\/\" \/>\n<meta property=\"og:locale\" content=\"sq_AL\" \/>\n<meta property=\"og:type\" content=\"article\" \/>\n<meta property=\"og:title\" content=\"Kontakt - Republika e S\u00ebrbis\u00eb Trupi Koordinues p\u00ebr komunat Bujanoc, Preshev\u00eb dhe Medvegj\u00eb\" \/>\n<meta property=\"og:description\" content=\"[vc_row css=\u201d.vc_custom_1731460907973{margin-top: 40px !important;padding-right: 20px !important;padding-left: 20px !important;}\u201d][vc_column][vc_custom_heading text=\u201dKontakt\u201d font_container=\u201dtag:h2|font_size:33|text_align:left|color:%23000000\u2033 google_fonts=\u201dfont_family:Roboto%3A100%2C100italic%2C300%2C300italic%2Cregular%2Citalic%2C500%2C500italic%2C700%2C700italic%2C900%2C900italic|font_style:500%20bold%20regular%3A500%3Anormal\u201d css=\u201d.vc_custom_1765967709920{padding-left: 20px !important;}\u201d][\/vc_column][\/vc_row][vc_row css=\u201d.vc_custom_1731454945054{margin-top: 40px !important;padding-top: 20px !important;padding-right: 20px !important;padding-bottom: 20px !important;padding-left: 20px !important;background-color: #f4f4f4 !important;border-radius: 5px !important;}\u201d][vc_column][vc_single_image image=\u201d144260\u2033 img_size=\u201dfull\u201d alignment=\u201dcenter\u201d style=\u201dvc_box_rounded\u201d css_animation=\u201dfadeIn\u201d css=\u201d.vc_custom_1731665024178{padding-top: 20px !important;padding-bottom: 20px !important;border-radius: 5px !important;}\u201d][vc_column_text css=\u201d.vc_custom_1765967770740{padding-right: 20px !important;padding-left: 20px !important;}\u201d] Kabineti i Kryetarit t\u00eb Trupit Koordinues AdresaBulevardi Mihaila Pupina\" \/>\n<meta property=\"og:url\" content=\"https:\/\/kt.gov.rs\/sq\/kontakt\/\" \/>\n<meta property=\"og:site_name\" content=\"Republika e S\u00ebrbis\u00eb Trupi Koordinues p\u00ebr komunat Bujanoc, Preshev\u00eb dhe Medvegj\u00eb\" \/>\n<meta property=\"article:publisher\" content=\"https:\/\/www.facebook.com\/SluzbaKoordinacionogTelaVladeRepublikeSrbije\" \/>\n<meta property=\"article:modified_time\" content=\"2025-12-17T10:36:28+00:00\" \/>\n<meta name=\"twitter:card\" content=\"summary_large_image\" \/>\n<meta name=\"twitter:site\" content=\"@kt_gov\" \/>\n<meta name=\"twitter:label1\" content=\"Est. reading time\" \/>\n\t<meta name=\"twitter:data1\" content=\"2 minutes\" \/>\n<script type=\"application\/ld+json\" class=\"yoast-schema-graph\">{\"@context\":\"https:\\\/\\\/schema.org\",\"@graph\":[{\"@type\":\"WebPage\",\"@id\":\"https:\\\/\\\/kt.gov.rs\\\/sq\\\/kontakt\\\/\",\"url\":\"https:\\\/\\\/kt.gov.rs\\\/sq\\\/kontakt\\\/\",\"name\":\"Kontakt - Republika e S\u00ebrbis\u00eb Trupi Koordinues p\u00ebr komunat Bujanoc, Preshev\u00eb dhe Medvegj\u00eb\",\"isPartOf\":{\"@id\":\"https:\\\/\\\/kt.gov.rs\\\/#website\"},\"datePublished\":\"2024-11-15T10:04:01+00:00\",\"dateModified\":\"2025-12-17T10:36:28+00:00\",\"breadcrumb\":{\"@id\":\"https:\\\/\\\/kt.gov.rs\\\/sq\\\/kontakt\\\/#breadcrumb\"},\"inLanguage\":\"sq-AL\",\"potentialAction\":[{\"@type\":\"ReadAction\",\"target\":[\"https:\\\/\\\/kt.gov.rs\\\/sq\\\/kontakt\\\/\"]}]},{\"@type\":\"BreadcrumbList\",\"@id\":\"https:\\\/\\\/kt.gov.rs\\\/sq\\\/kontakt\\\/#breadcrumb\",\"itemListElement\":[{\"@type\":\"ListItem\",\"position\":1,\"name\":\"\u041f\u043e\u0447\u0435\u0442\u043d\u0430\",\"item\":\"https:\\\/\\\/kt.gov.rs\\\/sq\\\/\"},{\"@type\":\"ListItem\",\"position\":2,\"name\":\"Kontakt\"}]},{\"@type\":\"WebSite\",\"@id\":\"https:\\\/\\\/kt.gov.rs\\\/#website\",\"url\":\"https:\\\/\\\/kt.gov.rs\\\/\",\"name\":\"\u041a\u043e\u043e\u0440\u0434\u0438\u043d\u0430\u0446\u0438\u043e\u043d\u043e \u0442\u0435\u043b\u043e \u0412\u043b\u0430\u0434\u0435 \u0420\u0435\u043f\u0443\u0431\u043b\u0438\u043a\u0435 \u0421\u0440\u0431\u0438\u0458\u0435 \u0437\u0430 \u043e\u043f\u0448\u0442\u0438\u043d\u0435 \u041f\u0440\u0435\u0448\u0435\u0432\u043e, \u0411\u0443\u0458\u0430\u043d\u043e\u0432\u0430\u0446 \u0438 \u041c\u0435\u0434\u0432\u0435\u0452a\",\"description\":\"\",\"publisher\":{\"@id\":\"https:\\\/\\\/kt.gov.rs\\\/#organization\"},\"alternateName\":\"\u041a\u043e\u043e\u0440\u0434\u0438\u043d\u0430\u0446\u0438\u043e\u043d\u043e \u0442\u0435\u043b\u043e\",\"potentialAction\":[{\"@type\":\"SearchAction\",\"target\":{\"@type\":\"EntryPoint\",\"urlTemplate\":\"https:\\\/\\\/kt.gov.rs\\\/?s={search_term_string}\"},\"query-input\":{\"@type\":\"PropertyValueSpecification\",\"valueRequired\":true,\"valueName\":\"search_term_string\"}}],\"inLanguage\":\"sq-AL\"},{\"@type\":\"Organization\",\"@id\":\"https:\\\/\\\/kt.gov.rs\\\/#organization\",\"name\":\"\u041a\u043e\u043e\u0440\u0434\u0438\u043d\u0430\u0446\u0438\u043e\u043d\u043e \u0442\u0435\u043b\u043e \u0412\u043b\u0430\u0434\u0435 \u0420\u0435\u043f\u0443\u0431\u043b\u0438\u043a\u0435 \u0421\u0440\u0431\u0438\u0458\u0435 \u0437\u0430 \u043e\u043f\u0448\u0442\u0438\u043d\u0435 \u041f\u0440\u0435\u0448\u0435\u0432\u043e, \u0411\u0443\u0458\u0430\u043d\u043e\u0432\u0430\u0446 \u0438 \u041c\u0435\u0434\u0432\u0435\u0452a\",\"alternateName\":\"\u041a\u043e\u043e\u0440\u0434\u0438\u043d\u0430\u0446\u0438\u043e\u043d\u043e \u0442\u0435\u043b\u043e\",\"url\":\"https:\\\/\\\/kt.gov.rs\\\/\",\"logo\":{\"@type\":\"ImageObject\",\"inLanguage\":\"sq-AL\",\"@id\":\"https:\\\/\\\/kt.gov.rs\\\/#\\\/schema\\\/logo\\\/image\\\/\",\"url\":\"https:\\\/\\\/kt.gov.rs\\\/wp-content\\\/uploads\\\/2024\\\/12\\\/koord2.jpg\",\"contentUrl\":\"https:\\\/\\\/kt.gov.rs\\\/wp-content\\\/uploads\\\/2024\\\/12\\\/koord2.jpg\",\"width\":640,\"height\":480,\"caption\":\"\u041a\u043e\u043e\u0440\u0434\u0438\u043d\u0430\u0446\u0438\u043e\u043d\u043e \u0442\u0435\u043b\u043e \u0412\u043b\u0430\u0434\u0435 \u0420\u0435\u043f\u0443\u0431\u043b\u0438\u043a\u0435 \u0421\u0440\u0431\u0438\u0458\u0435 \u0437\u0430 \u043e\u043f\u0448\u0442\u0438\u043d\u0435 \u041f\u0440\u0435\u0448\u0435\u0432\u043e, \u0411\u0443\u0458\u0430\u043d\u043e\u0432\u0430\u0446 \u0438 \u041c\u0435\u0434\u0432\u0435\u0452a\"},\"image\":{\"@id\":\"https:\\\/\\\/kt.gov.rs\\\/#\\\/schema\\\/logo\\\/image\\\/\"},\"sameAs\":[\"https:\\\/\\\/www.facebook.com\\\/SluzbaKoordinacionogTelaVladeRepublikeSrbije\",\"https:\\\/\\\/x.com\\\/kt_gov\",\"https:\\\/\\\/www.youtube.com\\\/@koordinacionotelo\"]}]}<\/script>\n<!-- \/ Yoast SEO plugin. -->","yoast_head_json":{"title":"Kontakt - Republika e S\u00ebrbis\u00eb Trupi Koordinues p\u00ebr komunat Bujanoc, Preshev\u00eb dhe Medvegj\u00eb","robots":{"index":"index","follow":"follow","max-snippet":"max-snippet:-1","max-image-preview":"max-image-preview:large","max-video-preview":"max-video-preview:-1"},"canonical":"https:\/\/kt.gov.rs\/sq\/kontakt\/","og_locale":"sq_AL","og_type":"article","og_title":"Kontakt - Republika e S\u00ebrbis\u00eb Trupi Koordinues p\u00ebr komunat Bujanoc, Preshev\u00eb dhe Medvegj\u00eb","og_description":"[vc_row css=\u201d.vc_custom_1731460907973{margin-top: 40px !important;padding-right: 20px !important;padding-left: 20px !important;}\u201d][vc_column][vc_custom_heading text=\u201dKontakt\u201d font_container=\u201dtag:h2|font_size:33|text_align:left|color:%23000000\u2033 google_fonts=\u201dfont_family:Roboto%3A100%2C100italic%2C300%2C300italic%2Cregular%2Citalic%2C500%2C500italic%2C700%2C700italic%2C900%2C900italic|font_style:500%20bold%20regular%3A500%3Anormal\u201d css=\u201d.vc_custom_1765967709920{padding-left: 20px !important;}\u201d][\/vc_column][\/vc_row][vc_row css=\u201d.vc_custom_1731454945054{margin-top: 40px !important;padding-top: 20px !important;padding-right: 20px !important;padding-bottom: 20px !important;padding-left: 20px !important;background-color: #f4f4f4 !important;border-radius: 5px !important;}\u201d][vc_column][vc_single_image image=\u201d144260\u2033 img_size=\u201dfull\u201d alignment=\u201dcenter\u201d style=\u201dvc_box_rounded\u201d css_animation=\u201dfadeIn\u201d css=\u201d.vc_custom_1731665024178{padding-top: 20px !important;padding-bottom: 20px !important;border-radius: 5px !important;}\u201d][vc_column_text css=\u201d.vc_custom_1765967770740{padding-right: 20px !important;padding-left: 20px !important;}\u201d] Kabineti i Kryetarit t\u00eb Trupit Koordinues AdresaBulevardi Mihaila Pupina","og_url":"https:\/\/kt.gov.rs\/sq\/kontakt\/","og_site_name":"Republika e S\u00ebrbis\u00eb Trupi Koordinues p\u00ebr komunat Bujanoc, Preshev\u00eb dhe Medvegj\u00eb","article_publisher":"https:\/\/www.facebook.com\/SluzbaKoordinacionogTelaVladeRepublikeSrbije","article_modified_time":"2025-12-17T10:36:28+00:00","twitter_card":"summary_large_image","twitter_site":"@kt_gov","twitter_misc":{"Est. reading time":"2 minutes"},"schema":{"@context":"https:\/\/schema.org","@graph":[{"@type":"WebPage","@id":"https:\/\/kt.gov.rs\/sq\/kontakt\/","url":"https:\/\/kt.gov.rs\/sq\/kontakt\/","name":"Kontakt - Republika e S\u00ebrbis\u00eb Trupi Koordinues p\u00ebr komunat Bujanoc, Preshev\u00eb dhe Medvegj\u00eb","isPartOf":{"@id":"https:\/\/kt.gov.rs\/#website"},"datePublished":"2024-11-15T10:04:01+00:00","dateModified":"2025-12-17T10:36:28+00:00","breadcrumb":{"@id":"https:\/\/kt.gov.rs\/sq\/kontakt\/#breadcrumb"},"inLanguage":"sq-AL","potentialAction":[{"@type":"ReadAction","target":["https:\/\/kt.gov.rs\/sq\/kontakt\/"]}]},{"@type":"BreadcrumbList","@id":"https:\/\/kt.gov.rs\/sq\/kontakt\/#breadcrumb","itemListElement":[{"@type":"ListItem","position":1,"name":"\u041f\u043e\u0447\u0435\u0442\u043d\u0430","item":"https:\/\/kt.gov.rs\/sq\/"},{"@type":"ListItem","position":2,"name":"Kontakt"}]},{"@type":"WebSite","@id":"https:\/\/kt.gov.rs\/#website","url":"https:\/\/kt.gov.rs\/","name":"\u041a\u043e\u043e\u0440\u0434\u0438\u043d\u0430\u0446\u0438\u043e\u043d\u043e \u0442\u0435\u043b\u043e \u0412\u043b\u0430\u0434\u0435 \u0420\u0435\u043f\u0443\u0431\u043b\u0438\u043a\u0435 \u0421\u0440\u0431\u0438\u0458\u0435 \u0437\u0430 \u043e\u043f\u0448\u0442\u0438\u043d\u0435 \u041f\u0440\u0435\u0448\u0435\u0432\u043e, \u0411\u0443\u0458\u0430\u043d\u043e\u0432\u0430\u0446 \u0438 \u041c\u0435\u0434\u0432\u0435\u0452a","description":"","publisher":{"@id":"https:\/\/kt.gov.rs\/#organization"},"alternateName":"\u041a\u043e\u043e\u0440\u0434\u0438\u043d\u0430\u0446\u0438\u043e\u043d\u043e \u0442\u0435\u043b\u043e","potentialAction":[{"@type":"SearchAction","target":{"@type":"EntryPoint","urlTemplate":"https:\/\/kt.gov.rs\/?s={search_term_string}"},"query-input":{"@type":"PropertyValueSpecification","valueRequired":true,"valueName":"search_term_string"}}],"inLanguage":"sq-AL"},{"@type":"Organization","@id":"https:\/\/kt.gov.rs\/#organization","name":"\u041a\u043e\u043e\u0440\u0434\u0438\u043d\u0430\u0446\u0438\u043e\u043d\u043e \u0442\u0435\u043b\u043e \u0412\u043b\u0430\u0434\u0435 \u0420\u0435\u043f\u0443\u0431\u043b\u0438\u043a\u0435 \u0421\u0440\u0431\u0438\u0458\u0435 \u0437\u0430 \u043e\u043f\u0448\u0442\u0438\u043d\u0435 \u041f\u0440\u0435\u0448\u0435\u0432\u043e, \u0411\u0443\u0458\u0430\u043d\u043e\u0432\u0430\u0446 \u0438 \u041c\u0435\u0434\u0432\u0435\u0452a","alternateName":"\u041a\u043e\u043e\u0440\u0434\u0438\u043d\u0430\u0446\u0438\u043e\u043d\u043e \u0442\u0435\u043b\u043e","url":"https:\/\/kt.gov.rs\/","logo":{"@type":"ImageObject","inLanguage":"sq-AL","@id":"https:\/\/kt.gov.rs\/#\/schema\/logo\/image\/","url":"https:\/\/kt.gov.rs\/wp-content\/uploads\/2024\/12\/koord2.jpg","contentUrl":"https:\/\/kt.gov.rs\/wp-content\/uploads\/2024\/12\/koord2.jpg","width":640,"height":480,"caption":"\u041a\u043e\u043e\u0440\u0434\u0438\u043d\u0430\u0446\u0438\u043e\u043d\u043e \u0442\u0435\u043b\u043e \u0412\u043b\u0430\u0434\u0435 \u0420\u0435\u043f\u0443\u0431\u043b\u0438\u043a\u0435 \u0421\u0440\u0431\u0438\u0458\u0435 \u0437\u0430 \u043e\u043f\u0448\u0442\u0438\u043d\u0435 \u041f\u0440\u0435\u0448\u0435\u0432\u043e, \u0411\u0443\u0458\u0430\u043d\u043e\u0432\u0430\u0446 \u0438 \u041c\u0435\u0434\u0432\u0435\u0452a"},"image":{"@id":"https:\/\/kt.gov.rs\/#\/schema\/logo\/image\/"},"sameAs":["https:\/\/www.facebook.com\/SluzbaKoordinacionogTelaVladeRepublikeSrbije","https:\/\/x.com\/kt_gov","https:\/\/www.youtube.com\/@koordinacionotelo"]}]}},"_links":{"self":[{"href":"https:\/\/kt.gov.rs\/sq\/wp-json\/wp\/v2\/pages\/146249","targetHints":{"allow":["GET"]}}],"collection":[{"href":"https:\/\/kt.gov.rs\/sq\/wp-json\/wp\/v2\/pages"}],"about":[{"href":"https:\/\/kt.gov.rs\/sq\/wp-json\/wp\/v2\/types\/page"}],"author":[{"embeddable":true,"href":"https:\/\/kt.gov.rs\/sq\/wp-json\/wp\/v2\/users\/1"}],"replies":[{"embeddable":true,"href":"https:\/\/kt.gov.rs\/sq\/wp-json\/wp\/v2\/comments?post=146249"}],"version-history":[{"count":2,"href":"https:\/\/kt.gov.rs\/sq\/wp-json\/wp\/v2\/pages\/146249\/revisions"}],"predecessor-version":[{"id":146252,"href":"https:\/\/kt.gov.rs\/sq\/wp-json\/wp\/v2\/pages\/146249\/revisions\/146252"}],"wp:attachment":[{"href":"https:\/\/kt.gov.rs\/sq\/wp-json\/wp\/v2\/media?parent=146249"}],"curies":[{"name":"wp","href":"https:\/\/api.w.org\/{rel}","templated":true}]}}