{"id":146238,"date":"2024-11-15T03:36:34","date_gmt":"2024-11-15T01:36:34","guid":{"rendered":"https:\/\/kt.gov.rs\/?page_id=146238"},"modified":"2025-12-17T12:24:51","modified_gmt":"2025-12-17T10:24:51","slug":"konkurse","status":"publish","type":"page","link":"https:\/\/kt.gov.rs\/sq\/konkurse\/","title":{"rendered":"Konkurse"},"content":{"rendered":"<div class=\"wpb-content-wrapper\"><p>[vc_row css=\u201d.vc_custom_1731460907973{margin-top: 40px !important;padding-right: 20px !important;padding-left: 20px !important;}\u201d][vc_column][vc_custom_heading text=\u201dKonkurse\u201d font_container=\u201dtag:h2|font_size:33|text_align:left|color:%23000000\u2033 google_fonts=\u201dfont_family:Roboto%3A100%2C100italic%2C300%2C300italic%2Cregular%2Citalic%2C500%2C500italic%2C700%2C700italic%2C900%2C900italic|font_style:500%20bold%20regular%3A500%3Anormal\u201d css=\u201d.vc_custom_1765966979354{padding-left: 20px !important;}\u201d][\/vc_column][\/vc_row][vc_row css=\u201d.vc_custom_1731454945054{margin-top: 40px !important;padding-top: 20px !important;padding-right: 20px !important;padding-bottom: 20px !important;padding-left: 20px !important;background-color: #f4f4f4 !important;border-radius: 5px !important;}\u201d][vc_column][vc_single_image image=\u201d144169\u2033 img_size=\u201dfull\u201d alignment=\u201dcenter\u201d style=\u201dvc_box_rounded\u201d css_animation=\u201dfadeIn\u201d css=\u201d.vc_custom_1731634586890{padding-top: 20px !important;padding-bottom: 20px !important;border-radius: 5px !important;}\u201d][vc_column_text css=\u201d.vc_custom_1765967064067{padding-right: 20px !important;padding-left: 20px !important;}\u201d]<\/p>\n<blockquote><p>Sh\u00ebrbimi i Trupit Koordinues t\u00eb Qeveris\u00eb s\u00eb Republik\u00ebs s\u00eb Serbis\u00eb p\u00ebr komunat Preshev\u00eb, Bujanoc dhe Medvegj\u00eb q\u00eb nga viti 2009 zbaton konkurse. Konkurset shpallen n\u00eb baz\u00eb t\u00eb programeve t\u00eb miratuara me Vendim t\u00eb Qeveris\u00eb s\u00eb Republik\u00ebs s\u00eb Serbis\u00eb.<\/p><\/blockquote>\n<p>Fushat programore p\u00ebr t\u00eb cilat Sh\u00ebrbimi i Trupit Koordinues deri m\u00eb tani ka shpallur konkurse jan\u00eb:<br data-start=\"367\" data-end=\"370\" \/>programet p\u00ebr realizimin dhe p\u00ebrmir\u00ebsimin e t\u00eb drejtave dhe ve\u00e7orive sociale dhe t\u00eb pakicave, programe dhe projekte t\u00eb shoqatave t\u00eb qytetar\u00ebve p\u00ebr ofrimin e ndihm\u00ebs p\u00ebr popullat\u00ebn, programe dhe projekte p\u00ebr sh\u00ebrbime informimi, bursa p\u00ebr nx\u00ebn\u00ebs t\u00eb shkollave t\u00eb mesme, bursa p\u00ebr studime n\u00eb Universitetin e Novi Sadit dhe n\u00eb fakultete t\u00eb tjera shtet\u00ebrore, si dhe programe p\u00ebr ndarjen e mjeteve p\u00ebr subvencionimin e nd\u00ebrmarrjeve t\u00eb vogla dhe t\u00eb mesme dhe sip\u00ebrmarr\u00ebsve privat\u00eb.<\/p>\n<p data-start=\"845\" data-end=\"1324\">Vendimin p\u00ebr ndarjen e mjeteve p\u00ebr t\u00eb gjitha konkurset e merr komisioni i formuar me vendim t\u00eb drejtoresh\u00ebs s\u00eb Sh\u00ebrbimit t\u00eb Trupit Koordinues. Komisioni \u00ebsht\u00eb p\u00ebrgjegj\u00ebs p\u00ebr shqyrtimin e propozimeve t\u00eb projekteve t\u00eb pranuara dhe p\u00ebr hartimin e list\u00ebs s\u00eb renditjes, e cila publikohet n\u00eb faqen zyrtare t\u00eb Trupit Koordinues. Komisioni p\u00ebrb\u00ebhet nga an\u00ebtar\u00eb t\u00eb Sh\u00ebrbimit t\u00eb Trupit Koordinues, komunave Preshev\u00eb, Bujanoc dhe Medvegj\u00eb, p\u00ebrfaq\u00ebsues t\u00eb ministrive dhe ekspert\u00eb t\u00eb pavarur.<\/p>\n<blockquote><p>P\u00ebrmes k\u00ebtyre konkurseve, Sh\u00ebrbimi i Trupit Koordinues synon t\u00eb ofroj\u00eb mb\u00ebshtetje p\u00ebr zhvillimin ekonomik t\u00eb komunave, t\u00eb ndikoj\u00eb n\u00eb rritjen e pun\u00ebsimit, t\u00eb mb\u00ebshtes\u00eb sektorin civil dhe arsimor, si dhe t\u00eb p\u00ebrmir\u00ebsoj\u00eb cil\u00ebsin\u00eb e jet\u00ebs s\u00eb qytetar\u00ebve t\u00eb Preshev\u00ebs, Bujanocit dhe Medvegj\u00ebs.<\/p><\/blockquote>\n<p>[\/vc_column_text][\/vc_column][\/vc_row][vc_row css=\u201d.vc_custom_1731454961284{padding-top: 30px !important;}\u201d][vc_column width=\u201d1\/4\u2033][vc_facebook css=\u201d\u201d][\/vc_column][vc_column width=\u201d1\/4\u2033][vc_tweetmeme css=\u201d\u201d][\/vc_column][vc_column width=\u201d1\/4\u2033][\/vc_column][vc_column width=\u201d1\/4\u2033][\/vc_column][\/vc_row]<\/p>\n<!-- PMB print buttons is only displayed on a single post\/page URLs--><\/div>","protected":false},"excerpt":{"rendered":"<p>[vc_row css=\u201d.vc_custom_1731460907973{margin-top: 40px !important;padding-right: 20px !important;padding-left: 20px !important;}\u201d][vc_column][vc_custom_heading text=\u201dKonkurse\u201d font_container=\u201dtag:h2|font_size:33|text_align:left|color:%23000000\u2033 google_fonts=\u201dfont_family:Roboto%3A100%2C100italic%2C300%2C300italic%2Cregular%2Citalic%2C500%2C500italic%2C700%2C700italic%2C900%2C900italic|font_style:500%20bold%20regular%3A500%3Anormal\u201d css=\u201d.vc_custom_1765966979354{padding-left: 20px !important;}\u201d][\/vc_column][\/vc_row][vc_row css=\u201d.vc_custom_1731454945054{margin-top: 40px !important;padding-top: 20px !important;padding-right: 20px !important;padding-bottom: 20px !important;padding-left: 20px !important;background-color: #f4f4f4 !important;border-radius: 5px !important;}\u201d][vc_column][vc_single_image image=\u201d144169\u2033 img_size=\u201dfull\u201d alignment=\u201dcenter\u201d style=\u201dvc_box_rounded\u201d css_animation=\u201dfadeIn\u201d css=\u201d.vc_custom_1731634586890{padding-top: 20px !important;padding-bottom: 20px !important;border-radius: 5px !important;}\u201d][vc_column_text css=\u201d.vc_custom_1765967064067{padding-right: 20px !important;padding-left: 20px !important;}\u201d] Sh\u00ebrbimi i Trupit Koordinues t\u00eb Qeveris\u00eb s\u00eb Republik\u00ebs s\u00eb<\/p>\n","protected":false},"author":1,"featured_media":0,"parent":0,"menu_order":0,"comment_status":"closed","ping_status":"closed","template":"template-default-without-breadcrumbs.php","meta":{"footnotes":""},"class_list":["post-146238","page","type-page","status-publish","hentry"],"yoast_head":"<!-- This site is optimized with the Yoast SEO plugin v27.4 - https:\/\/yoast.com\/product\/yoast-seo-wordpress\/ -->\n<title>Konkurse - Republika e S\u00ebrbis\u00eb Trupi Koordinues p\u00ebr komunat Bujanoc, Preshev\u00eb dhe Medvegj\u00eb<\/title>\n<meta name=\"robots\" content=\"index, follow, max-snippet:-1, max-image-preview:large, max-video-preview:-1\" \/>\n<link rel=\"canonical\" href=\"https:\/\/kt.gov.rs\/sq\/konkurse\/\" \/>\n<meta property=\"og:locale\" content=\"sq_AL\" \/>\n<meta property=\"og:type\" content=\"article\" \/>\n<meta property=\"og:title\" content=\"Konkurse - Republika e S\u00ebrbis\u00eb Trupi Koordinues p\u00ebr komunat Bujanoc, Preshev\u00eb dhe Medvegj\u00eb\" \/>\n<meta property=\"og:description\" content=\"[vc_row css=\u201d.vc_custom_1731460907973{margin-top: 40px !important;padding-right: 20px !important;padding-left: 20px !important;}\u201d][vc_column][vc_custom_heading text=\u201dKonkurse\u201d font_container=\u201dtag:h2|font_size:33|text_align:left|color:%23000000\u2033 google_fonts=\u201dfont_family:Roboto%3A100%2C100italic%2C300%2C300italic%2Cregular%2Citalic%2C500%2C500italic%2C700%2C700italic%2C900%2C900italic|font_style:500%20bold%20regular%3A500%3Anormal\u201d css=\u201d.vc_custom_1765966979354{padding-left: 20px !important;}\u201d][\/vc_column][\/vc_row][vc_row css=\u201d.vc_custom_1731454945054{margin-top: 40px !important;padding-top: 20px !important;padding-right: 20px !important;padding-bottom: 20px !important;padding-left: 20px !important;background-color: #f4f4f4 !important;border-radius: 5px !important;}\u201d][vc_column][vc_single_image image=\u201d144169\u2033 img_size=\u201dfull\u201d alignment=\u201dcenter\u201d style=\u201dvc_box_rounded\u201d css_animation=\u201dfadeIn\u201d css=\u201d.vc_custom_1731634586890{padding-top: 20px !important;padding-bottom: 20px !important;border-radius: 5px !important;}\u201d][vc_column_text css=\u201d.vc_custom_1765967064067{padding-right: 20px !important;padding-left: 20px !important;}\u201d] Sh\u00ebrbimi i Trupit Koordinues t\u00eb Qeveris\u00eb s\u00eb Republik\u00ebs s\u00eb\" \/>\n<meta property=\"og:url\" content=\"https:\/\/kt.gov.rs\/sq\/konkurse\/\" \/>\n<meta property=\"og:site_name\" content=\"Republika e S\u00ebrbis\u00eb Trupi Koordinues p\u00ebr komunat Bujanoc, Preshev\u00eb dhe Medvegj\u00eb\" \/>\n<meta property=\"article:publisher\" content=\"https:\/\/www.facebook.com\/SluzbaKoordinacionogTelaVladeRepublikeSrbije\" \/>\n<meta property=\"article:modified_time\" content=\"2025-12-17T10:24:51+00:00\" \/>\n<meta name=\"twitter:card\" content=\"summary_large_image\" \/>\n<meta name=\"twitter:site\" content=\"@kt_gov\" \/>\n<meta name=\"twitter:label1\" content=\"Est. reading time\" \/>\n\t<meta name=\"twitter:data1\" content=\"2 minutes\" \/>\n<script type=\"application\/ld+json\" class=\"yoast-schema-graph\">{\"@context\":\"https:\\\/\\\/schema.org\",\"@graph\":[{\"@type\":\"WebPage\",\"@id\":\"https:\\\/\\\/kt.gov.rs\\\/sq\\\/konkurse\\\/\",\"url\":\"https:\\\/\\\/kt.gov.rs\\\/sq\\\/konkurse\\\/\",\"name\":\"Konkurse - Republika e S\u00ebrbis\u00eb Trupi Koordinues p\u00ebr komunat Bujanoc, Preshev\u00eb dhe Medvegj\u00eb\",\"isPartOf\":{\"@id\":\"https:\\\/\\\/kt.gov.rs\\\/#website\"},\"datePublished\":\"2024-11-15T01:36:34+00:00\",\"dateModified\":\"2025-12-17T10:24:51+00:00\",\"breadcrumb\":{\"@id\":\"https:\\\/\\\/kt.gov.rs\\\/sq\\\/konkurse\\\/#breadcrumb\"},\"inLanguage\":\"sq-AL\",\"potentialAction\":[{\"@type\":\"ReadAction\",\"target\":[\"https:\\\/\\\/kt.gov.rs\\\/sq\\\/konkurse\\\/\"]}]},{\"@type\":\"BreadcrumbList\",\"@id\":\"https:\\\/\\\/kt.gov.rs\\\/sq\\\/konkurse\\\/#breadcrumb\",\"itemListElement\":[{\"@type\":\"ListItem\",\"position\":1,\"name\":\"Po\u010detna\",\"item\":\"https:\\\/\\\/kt.gov.rs\\\/sq\\\/\"},{\"@type\":\"ListItem\",\"position\":2,\"name\":\"Konkurse\"}]},{\"@type\":\"WebSite\",\"@id\":\"https:\\\/\\\/kt.gov.rs\\\/#website\",\"url\":\"https:\\\/\\\/kt.gov.rs\\\/\",\"name\":\"Koordinaciono telo Vlade Republike Srbije za op\u0161tine Pre\u0161evo, Bujanovac i Medve\u0111a\",\"description\":\"\",\"publisher\":{\"@id\":\"https:\\\/\\\/kt.gov.rs\\\/#organization\"},\"alternateName\":\"Koordinaciono telo\",\"potentialAction\":[{\"@type\":\"SearchAction\",\"target\":{\"@type\":\"EntryPoint\",\"urlTemplate\":\"https:\\\/\\\/kt.gov.rs\\\/?s={search_term_string}\"},\"query-input\":{\"@type\":\"PropertyValueSpecification\",\"valueRequired\":true,\"valueName\":\"search_term_string\"}}],\"inLanguage\":\"sq-AL\"},{\"@type\":\"Organization\",\"@id\":\"https:\\\/\\\/kt.gov.rs\\\/#organization\",\"name\":\"Koordinaciono telo Vlade Republike Srbije za op\u0161tine Pre\u0161evo, Bujanovac i Medve\u0111a\",\"alternateName\":\"Koordinaciono telo\",\"url\":\"https:\\\/\\\/kt.gov.rs\\\/\",\"logo\":{\"@type\":\"ImageObject\",\"inLanguage\":\"sq-AL\",\"@id\":\"https:\\\/\\\/kt.gov.rs\\\/#\\\/schema\\\/logo\\\/image\\\/\",\"url\":\"https:\\\/\\\/kt.gov.rs\\\/wp-content\\\/uploads\\\/2024\\\/12\\\/koord2.jpg\",\"contentUrl\":\"https:\\\/\\\/kt.gov.rs\\\/wp-content\\\/uploads\\\/2024\\\/12\\\/koord2.jpg\",\"width\":640,\"height\":480,\"caption\":\"Koordinaciono telo Vlade Republike Srbije za op\u0161tine Pre\u0161evo, Bujanovac i Medve\u0111a\"},\"image\":{\"@id\":\"https:\\\/\\\/kt.gov.rs\\\/#\\\/schema\\\/logo\\\/image\\\/\"},\"sameAs\":[\"https:\\\/\\\/www.facebook.com\\\/SluzbaKoordinacionogTelaVladeRepublikeSrbije\",\"https:\\\/\\\/x.com\\\/kt_gov\",\"https:\\\/\\\/www.youtube.com\\\/@koordinacionotelo\"]}]}<\/script>\n<!-- \/ Yoast SEO plugin. -->","yoast_head_json":{"title":"Konkurse - Republika e S\u00ebrbis\u00eb Trupi Koordinues p\u00ebr komunat Bujanoc, Preshev\u00eb dhe Medvegj\u00eb","robots":{"index":"index","follow":"follow","max-snippet":"max-snippet:-1","max-image-preview":"max-image-preview:large","max-video-preview":"max-video-preview:-1"},"canonical":"https:\/\/kt.gov.rs\/sq\/konkurse\/","og_locale":"sq_AL","og_type":"article","og_title":"Konkurse - Republika e S\u00ebrbis\u00eb Trupi Koordinues p\u00ebr komunat Bujanoc, Preshev\u00eb dhe Medvegj\u00eb","og_description":"[vc_row css=\u201d.vc_custom_1731460907973{margin-top: 40px !important;padding-right: 20px !important;padding-left: 20px !important;}\u201d][vc_column][vc_custom_heading text=\u201dKonkurse\u201d font_container=\u201dtag:h2|font_size:33|text_align:left|color:%23000000\u2033 google_fonts=\u201dfont_family:Roboto%3A100%2C100italic%2C300%2C300italic%2Cregular%2Citalic%2C500%2C500italic%2C700%2C700italic%2C900%2C900italic|font_style:500%20bold%20regular%3A500%3Anormal\u201d css=\u201d.vc_custom_1765966979354{padding-left: 20px !important;}\u201d][\/vc_column][\/vc_row][vc_row css=\u201d.vc_custom_1731454945054{margin-top: 40px !important;padding-top: 20px !important;padding-right: 20px !important;padding-bottom: 20px !important;padding-left: 20px !important;background-color: #f4f4f4 !important;border-radius: 5px !important;}\u201d][vc_column][vc_single_image image=\u201d144169\u2033 img_size=\u201dfull\u201d alignment=\u201dcenter\u201d style=\u201dvc_box_rounded\u201d css_animation=\u201dfadeIn\u201d css=\u201d.vc_custom_1731634586890{padding-top: 20px !important;padding-bottom: 20px !important;border-radius: 5px !important;}\u201d][vc_column_text css=\u201d.vc_custom_1765967064067{padding-right: 20px !important;padding-left: 20px !important;}\u201d] Sh\u00ebrbimi i Trupit Koordinues t\u00eb Qeveris\u00eb s\u00eb Republik\u00ebs s\u00eb","og_url":"https:\/\/kt.gov.rs\/sq\/konkurse\/","og_site_name":"Republika e S\u00ebrbis\u00eb Trupi Koordinues p\u00ebr komunat Bujanoc, Preshev\u00eb dhe Medvegj\u00eb","article_publisher":"https:\/\/www.facebook.com\/SluzbaKoordinacionogTelaVladeRepublikeSrbije","article_modified_time":"2025-12-17T10:24:51+00:00","twitter_card":"summary_large_image","twitter_site":"@kt_gov","twitter_misc":{"Est. reading time":"2 minutes"},"schema":{"@context":"https:\/\/schema.org","@graph":[{"@type":"WebPage","@id":"https:\/\/kt.gov.rs\/sq\/konkurse\/","url":"https:\/\/kt.gov.rs\/sq\/konkurse\/","name":"Konkurse - Republika e S\u00ebrbis\u00eb Trupi Koordinues p\u00ebr komunat Bujanoc, Preshev\u00eb dhe Medvegj\u00eb","isPartOf":{"@id":"https:\/\/kt.gov.rs\/#website"},"datePublished":"2024-11-15T01:36:34+00:00","dateModified":"2025-12-17T10:24:51+00:00","breadcrumb":{"@id":"https:\/\/kt.gov.rs\/sq\/konkurse\/#breadcrumb"},"inLanguage":"sq-AL","potentialAction":[{"@type":"ReadAction","target":["https:\/\/kt.gov.rs\/sq\/konkurse\/"]}]},{"@type":"BreadcrumbList","@id":"https:\/\/kt.gov.rs\/sq\/konkurse\/#breadcrumb","itemListElement":[{"@type":"ListItem","position":1,"name":"Po\u010detna","item":"https:\/\/kt.gov.rs\/sq\/"},{"@type":"ListItem","position":2,"name":"Konkurse"}]},{"@type":"WebSite","@id":"https:\/\/kt.gov.rs\/#website","url":"https:\/\/kt.gov.rs\/","name":"Koordinaciono telo Vlade Republike Srbije za op\u0161tine Pre\u0161evo, Bujanovac i Medve\u0111a","description":"","publisher":{"@id":"https:\/\/kt.gov.rs\/#organization"},"alternateName":"Koordinaciono telo","potentialAction":[{"@type":"SearchAction","target":{"@type":"EntryPoint","urlTemplate":"https:\/\/kt.gov.rs\/?s={search_term_string}"},"query-input":{"@type":"PropertyValueSpecification","valueRequired":true,"valueName":"search_term_string"}}],"inLanguage":"sq-AL"},{"@type":"Organization","@id":"https:\/\/kt.gov.rs\/#organization","name":"Koordinaciono telo Vlade Republike Srbije za op\u0161tine Pre\u0161evo, Bujanovac i Medve\u0111a","alternateName":"Koordinaciono telo","url":"https:\/\/kt.gov.rs\/","logo":{"@type":"ImageObject","inLanguage":"sq-AL","@id":"https:\/\/kt.gov.rs\/#\/schema\/logo\/image\/","url":"https:\/\/kt.gov.rs\/wp-content\/uploads\/2024\/12\/koord2.jpg","contentUrl":"https:\/\/kt.gov.rs\/wp-content\/uploads\/2024\/12\/koord2.jpg","width":640,"height":480,"caption":"Koordinaciono telo Vlade Republike Srbije za op\u0161tine Pre\u0161evo, Bujanovac i Medve\u0111a"},"image":{"@id":"https:\/\/kt.gov.rs\/#\/schema\/logo\/image\/"},"sameAs":["https:\/\/www.facebook.com\/SluzbaKoordinacionogTelaVladeRepublikeSrbije","https:\/\/x.com\/kt_gov","https:\/\/www.youtube.com\/@koordinacionotelo"]}]}},"_links":{"self":[{"href":"https:\/\/kt.gov.rs\/sq\/wp-json\/wp\/v2\/pages\/146238","targetHints":{"allow":["GET"]}}],"collection":[{"href":"https:\/\/kt.gov.rs\/sq\/wp-json\/wp\/v2\/pages"}],"about":[{"href":"https:\/\/kt.gov.rs\/sq\/wp-json\/wp\/v2\/types\/page"}],"author":[{"embeddable":true,"href":"https:\/\/kt.gov.rs\/sq\/wp-json\/wp\/v2\/users\/1"}],"replies":[{"embeddable":true,"href":"https:\/\/kt.gov.rs\/sq\/wp-json\/wp\/v2\/comments?post=146238"}],"version-history":[{"count":2,"href":"https:\/\/kt.gov.rs\/sq\/wp-json\/wp\/v2\/pages\/146238\/revisions"}],"predecessor-version":[{"id":146240,"href":"https:\/\/kt.gov.rs\/sq\/wp-json\/wp\/v2\/pages\/146238\/revisions\/146240"}],"wp:attachment":[{"href":"https:\/\/kt.gov.rs\/sq\/wp-json\/wp\/v2\/media?parent=146238"}],"curies":[{"name":"wp","href":"https:\/\/api.w.org\/{rel}","templated":true}]}}