{"id":146230,"date":"2024-11-15T02:12:37","date_gmt":"2024-11-15T00:12:37","guid":{"rendered":"https:\/\/kt.gov.rs\/?page_id=146230"},"modified":"2025-12-17T19:12:13","modified_gmt":"2025-12-17T17:12:13","slug":"aktivitetet","status":"publish","type":"page","link":"https:\/\/kt.gov.rs\/sq\/aktivitetet\/","title":{"rendered":"Aktivitetet"},"content":{"rendered":"<div class=\"wpb-content-wrapper\"><p>[vc_row css=\u201d.vc_custom_1731460907973{margin-top: 40px !important;padding-right: 20px !important;padding-left: 20px !important;}\u201d][vc_column][vc_custom_heading text=\u201dAktivitetet\u201d font_container=\u201dtag:h2|font_size:33|text_align:left|color:%23000000\u2033 google_fonts=\u201dfont_family:Roboto%3A100%2C100italic%2C300%2C300italic%2Cregular%2Citalic%2C500%2C500italic%2C700%2C700italic%2C900%2C900italic|font_style:500%20bold%20regular%3A500%3Anormal\u201d css=\u201d.vc_custom_1765966618467{padding-left: 20px !important;}\u201d][\/vc_column][\/vc_row][vc_row css=\u201d.vc_custom_1731454945054{margin-top: 40px !important;padding-top: 20px !important;padding-right: 20px !important;padding-bottom: 20px !important;padding-left: 20px !important;background-color: #f4f4f4 !important;border-radius: 5px !important;}\u201d][vc_column][vc_single_image image=\u201d144095\u2033 img_size=\u201dfull\u201d alignment=\u201dcenter\u201d style=\u201dvc_box_rounded\u201d css_animation=\u201dfadeIn\u201d css=\u201d.vc_custom_1731629554588{padding-top: 20px !important;padding-bottom: 20px !important;border-radius: 5px !important;}\u201d][vc_column_text css=\u201d.vc_custom_1765966598526{padding-right: 20px !important;padding-left: 20px !important;}\u201d]<\/p>\n<div class=\"flex flex-col text-sm pb-25\">\n<article class=\"text-token-text-primary w-full focus:outline-none [--shadow-height:45px] has-data-writing-block:pointer-events-none has-data-writing-block:-mt-(--shadow-height) has-data-writing-block:pt-(--shadow-height) [&:has([data-writing-block])>*]:pointer-events-auto scroll-mt-[calc(var(--header-height)+min(200px,max(70px,20svh)))]\" dir=\"auto\" tabindex=\"-1\" data-turn-id=\"request-693a93cc-f770-832b-99c2-108421c1e113-1\" data-testid=\"conversation-turn-50\" data-scroll-anchor=\"true\" data-turn=\"assistant\">\n<div class=\"text-base my-auto mx-auto pb-10 [--thread-content-margin:--spacing(4)] @w-sm\/main:[--thread-content-margin:--spacing(6)] @w-lg\/main:[--thread-content-margin:--spacing(16)] px-(--thread-content-margin)\">\n<div class=\"[--thread-content-max-width:40rem] @w-lg\/main:[--thread-content-max-width:48rem] mx-auto max-w-(--thread-content-max-width) flex-1 group\/turn-messages focus-visible:outline-hidden relative flex w-full min-w-0 flex-col agent-turn\" tabindex=\"-1\">\n<div class=\"flex max-w-full flex-col grow\">\n<div class=\"min-h-8 text-message relative flex w-full flex-col items-end gap-2 text-start break-words whitespace-normal [.text-message+&]:mt-1\" dir=\"auto\" data-message-author-role=\"assistant\" data-message-id=\"78519c14-031b-433e-8e85-0757d3087b77\" data-message-model-slug=\"gpt-5-2\">\n<div class=\"flex w-full flex-col gap-1 empty:hidden first:pt-[1px]\">\n<div class=\"markdown prose dark:prose-invert w-full break-words dark markdown-new-styling\">\n<p data-start=\"44\" data-end=\"543\">\u0422rupi Koordinues zbaton politik\u00ebn e Qeveris\u00eb s\u00eb Republik\u00ebs s\u00eb Serbis\u00eb p\u00ebr komunat Preshev\u00eb, Bujanoc dhe Medvegj\u00eb, me q\u00ebllim fuqizimin e komunave n\u00eb jug t\u00eb Serbis\u00eb dhe krijimin e kushteve q\u00eb ato, n\u00eb m\u00ebnyr\u00eb t\u00eb pavarur dhe n\u00eb p\u00ebrputhje me prioritetet e p\u00ebrcaktuara, t\u00eb hartojn\u00eb dhe zbatojn\u00eb politika n\u00eb interes t\u00eb qytetar\u00ebve. Trupi Koordinues kujdeset q\u00eb n\u00eb Preshev\u00eb, Bujanoc dhe Medvegj\u00eb t\u00eb arrihet stabilitet afatgjat\u00eb dhe marr\u00ebdh\u00ebnie t\u00eb mira nd\u00ebretnike nd\u00ebrmjet komuniteteve q\u00eb jetojn\u00eb n\u00eb k\u00ebt\u00eb zon\u00eb.<\/p>\n<p data-start=\"545\" data-end=\"644\">N\u00eb p\u00ebrputhje me q\u00ebllimet dhe mandatin e p\u00ebrcaktuar, aktivitetet kryesore t\u00eb Trupit Koordinues jan\u00eb:<\/p>\n<ul data-start=\"646\" data-end=\"1988\" data-is-last-node=\"\" data-is-only-node=\"\">\n<li data-start=\"646\" data-end=\"782\">\n<p data-start=\"648\" data-end=\"782\">Lidhja dhe komunikimi m\u00eb efikas nd\u00ebrmjet komunave Preshev\u00eb, Bujanoc dhe Medvegj\u00eb dhe ministrive t\u00eb Qeveris\u00eb s\u00eb Republik\u00ebs s\u00eb Serbis\u00eb<\/p>\n<\/li>\n<li data-start=\"783\" data-end=\"935\">\n<p data-start=\"785\" data-end=\"935\">Mb\u00ebshtetja e financimit dhe zbatimit t\u00eb projekteve infrastrukturore t\u00eb r\u00ebnd\u00ebsishme p\u00ebr p\u00ebrmir\u00ebsimin e cil\u00ebsis\u00eb s\u00eb jet\u00ebs s\u00eb qytetar\u00ebve n\u00eb k\u00ebto komuna<\/p>\n<\/li>\n<li data-start=\"936\" data-end=\"1010\">\n<p data-start=\"938\" data-end=\"1010\">Mb\u00ebshtetja e zhvillimit ekonomik t\u00eb Bujanocit, Preshev\u00ebs dhe Medvegj\u00ebs<\/p>\n<\/li>\n<li data-start=\"1011\" data-end=\"1131\">\n<p data-start=\"1013\" data-end=\"1131\">Mb\u00ebshtetje k\u00ebshillimore dhe teknike p\u00ebr forcimin e kapaciteteve t\u00eb komunave n\u00eb funksion t\u00eb zhvillimit t\u00eb q\u00ebndruesh\u00ebm<\/p>\n<\/li>\n<li data-start=\"1132\" data-end=\"1392\">\n<p data-start=\"1134\" data-end=\"1392\">Mb\u00ebshtetje financiare dhe teknike p\u00ebr organizatat e shoq\u00ebris\u00eb civile, me theks t\u00eb ve\u00e7ant\u00eb n\u00eb projektet dhe programet p\u00ebr t\u00eb rinjt\u00eb, me q\u00ebllim p\u00ebrfshirjen aktive t\u00eb tyre n\u00eb pun\u00ebn e vet\u00ebqeverisjes lokale dhe kontributin n\u00eb p\u00ebrparimin e t\u00eb gjitha komuniteteve<\/p>\n<\/li>\n<li data-start=\"1393\" data-end=\"1610\">\n<p data-start=\"1395\" data-end=\"1610\">Mb\u00ebshtetje p\u00ebr p\u00ebrmir\u00ebsimin e arsimit fillor dhe t\u00eb mes\u00ebm n\u00eb Preshev\u00eb, Bujanoc dhe Medvegj\u00eb, si dhe analiz\u00eb e mund\u00ebsive p\u00ebr hapjen e institucioneve t\u00eb arsimit t\u00eb lart\u00eb me mund\u00ebsi studimi n\u00eb gjuh\u00ebn serbe dhe shqipe<\/p>\n<\/li>\n<li data-start=\"1611\" data-end=\"1752\">\n<p data-start=\"1613\" data-end=\"1752\">Integrimi i p\u00ebrfaq\u00ebsuesve t\u00eb t\u00eb gjitha komuniteteve komb\u00ebtare n\u00eb rrjedhat politike, ekonomike dhe shoq\u00ebrore n\u00eb nivel republikan dhe lokal<\/p>\n<\/li>\n<li data-start=\"1753\" data-end=\"1884\">\n<p data-start=\"1755\" data-end=\"1884\">Kontribut n\u00eb ruajtjen e nj\u00eb situate t\u00eb q\u00ebndrueshme t\u00eb siguris\u00eb dhe siguris\u00eb njer\u00ebzore n\u00eb komunat Preshev\u00eb, Bujanoc dhe Medvegj\u00eb<\/p>\n<\/li>\n<li data-start=\"1885\" data-end=\"1988\" data-is-last-node=\"\">\n<p data-start=\"1887\" data-end=\"1988\" data-is-last-node=\"\">Koordinimi me bashk\u00ebsin\u00eb nd\u00ebrkomb\u00ebtare n\u00eb planifikimin dhe realizimin e projekteve n\u00eb jug t\u00eb Serbis\u00eb.<\/p>\n<\/li>\n<\/ul>\n<\/div>\n<\/div>\n<\/div>\n<\/div>\n<div class=\"z-0 flex min-h-[46px] justify-start\"><\/div>\n<div class=\"mt-3 w-full empty:hidden\"><\/div>\n<\/div>\n<\/div>\n<\/article>\n<\/div>\n<p>[\/vc_column_text][\/vc_column][\/vc_row][vc_row css=\u201d.vc_custom_1731454961284{padding-top: 30px !important;}\u201d][vc_column width=\u201d1\/4\u2033][vc_facebook css=\u201d\u201d][\/vc_column][vc_column width=\u201d1\/4\u2033][vc_tweetmeme css=\u201d\u201d][\/vc_column][vc_column width=\u201d1\/4\u2033][\/vc_column][vc_column width=\u201d1\/4\u2033][\/vc_column][\/vc_row]<\/p>\n<!-- PMB print buttons is only displayed on a single post\/page URLs--><\/div>","protected":false},"excerpt":{"rendered":"<p>[vc_row css=\u201d.vc_custom_1731460907973{margin-top: 40px !important;padding-right: 20px !important;padding-left: 20px !important;}\u201d][vc_column][vc_custom_heading text=\u201dAktivitetet\u201d font_container=\u201dtag:h2|font_size:33|text_align:left|color:%23000000\u2033 google_fonts=\u201dfont_family:Roboto%3A100%2C100italic%2C300%2C300italic%2Cregular%2Citalic%2C500%2C500italic%2C700%2C700italic%2C900%2C900italic|font_style:500%20bold%20regular%3A500%3Anormal\u201d css=\u201d.vc_custom_1765966618467{padding-left: 20px !important;}\u201d][\/vc_column][\/vc_row][vc_row css=\u201d.vc_custom_1731454945054{margin-top: 40px !important;padding-top: 20px !important;padding-right: 20px !important;padding-bottom: 20px !important;padding-left: 20px !important;background-color: #f4f4f4 !important;border-radius: 5px !important;}\u201d][vc_column][vc_single_image image=\u201d144095\u2033 img_size=\u201dfull\u201d alignment=\u201dcenter\u201d style=\u201dvc_box_rounded\u201d css_animation=\u201dfadeIn\u201d css=\u201d.vc_custom_1731629554588{padding-top: 20px !important;padding-bottom: 20px !important;border-radius: 5px !important;}\u201d][vc_column_text css=\u201d.vc_custom_1765966598526{padding-right: 20px !important;padding-left: 20px !important;}\u201d] \u0422rupi Koordinues zbaton politik\u00ebn e Qeveris\u00eb s\u00eb Republik\u00ebs s\u00eb<\/p>\n","protected":false},"author":1,"featured_media":0,"parent":0,"menu_order":0,"comment_status":"closed","ping_status":"closed","template":"template-default-without-breadcrumbs.php","meta":{"footnotes":""},"class_list":["post-146230","page","type-page","status-publish","hentry"],"yoast_head":"<!-- This site is optimized with the Yoast SEO plugin v27.3 - https:\/\/yoast.com\/product\/yoast-seo-wordpress\/ -->\n<title>Aktivitetet - Republika e S\u00ebrbis\u00eb Trupi Koordinues p\u00ebr komunat Bujanoc, Preshev\u00eb dhe Medvegj\u00eb<\/title>\n<meta name=\"robots\" content=\"index, follow, max-snippet:-1, max-image-preview:large, max-video-preview:-1\" \/>\n<link rel=\"canonical\" href=\"https:\/\/kt.gov.rs\/sq\/aktivitetet\/\" \/>\n<meta property=\"og:locale\" content=\"sq_AL\" \/>\n<meta property=\"og:type\" content=\"article\" \/>\n<meta property=\"og:title\" content=\"Aktivitetet - Republika e S\u00ebrbis\u00eb Trupi Koordinues p\u00ebr komunat Bujanoc, Preshev\u00eb dhe Medvegj\u00eb\" \/>\n<meta property=\"og:description\" content=\"[vc_row css=\u201d.vc_custom_1731460907973{margin-top: 40px !important;padding-right: 20px !important;padding-left: 20px !important;}\u201d][vc_column][vc_custom_heading text=\u201dAktivitetet\u201d font_container=\u201dtag:h2|font_size:33|text_align:left|color:%23000000\u2033 google_fonts=\u201dfont_family:Roboto%3A100%2C100italic%2C300%2C300italic%2Cregular%2Citalic%2C500%2C500italic%2C700%2C700italic%2C900%2C900italic|font_style:500%20bold%20regular%3A500%3Anormal\u201d css=\u201d.vc_custom_1765966618467{padding-left: 20px !important;}\u201d][\/vc_column][\/vc_row][vc_row css=\u201d.vc_custom_1731454945054{margin-top: 40px !important;padding-top: 20px !important;padding-right: 20px !important;padding-bottom: 20px !important;padding-left: 20px !important;background-color: #f4f4f4 !important;border-radius: 5px !important;}\u201d][vc_column][vc_single_image image=\u201d144095\u2033 img_size=\u201dfull\u201d alignment=\u201dcenter\u201d style=\u201dvc_box_rounded\u201d css_animation=\u201dfadeIn\u201d css=\u201d.vc_custom_1731629554588{padding-top: 20px !important;padding-bottom: 20px !important;border-radius: 5px !important;}\u201d][vc_column_text css=\u201d.vc_custom_1765966598526{padding-right: 20px !important;padding-left: 20px !important;}\u201d] \u0422rupi Koordinues zbaton politik\u00ebn e Qeveris\u00eb s\u00eb Republik\u00ebs s\u00eb\" \/>\n<meta property=\"og:url\" content=\"https:\/\/kt.gov.rs\/sq\/aktivitetet\/\" \/>\n<meta property=\"og:site_name\" content=\"Republika e S\u00ebrbis\u00eb Trupi Koordinues p\u00ebr komunat Bujanoc, Preshev\u00eb dhe Medvegj\u00eb\" \/>\n<meta property=\"article:publisher\" content=\"https:\/\/www.facebook.com\/SluzbaKoordinacionogTelaVladeRepublikeSrbije\" \/>\n<meta property=\"article:modified_time\" content=\"2025-12-17T17:12:13+00:00\" \/>\n<meta name=\"twitter:card\" content=\"summary_large_image\" \/>\n<meta name=\"twitter:site\" content=\"@kt_gov\" \/>\n<meta name=\"twitter:label1\" content=\"Est. reading time\" \/>\n\t<meta name=\"twitter:data1\" content=\"2 minutes\" \/>\n<script type=\"application\/ld+json\" class=\"yoast-schema-graph\">{\"@context\":\"https:\\\/\\\/schema.org\",\"@graph\":[{\"@type\":\"WebPage\",\"@id\":\"https:\\\/\\\/kt.gov.rs\\\/sq\\\/aktivitetet\\\/\",\"url\":\"https:\\\/\\\/kt.gov.rs\\\/sq\\\/aktivitetet\\\/\",\"name\":\"Aktivitetet - Republika e S\u00ebrbis\u00eb Trupi Koordinues p\u00ebr komunat Bujanoc, Preshev\u00eb dhe Medvegj\u00eb\",\"isPartOf\":{\"@id\":\"https:\\\/\\\/kt.gov.rs\\\/#website\"},\"datePublished\":\"2024-11-15T00:12:37+00:00\",\"dateModified\":\"2025-12-17T17:12:13+00:00\",\"breadcrumb\":{\"@id\":\"https:\\\/\\\/kt.gov.rs\\\/sq\\\/aktivitetet\\\/#breadcrumb\"},\"inLanguage\":\"sq-AL\",\"potentialAction\":[{\"@type\":\"ReadAction\",\"target\":[\"https:\\\/\\\/kt.gov.rs\\\/sq\\\/aktivitetet\\\/\"]}]},{\"@type\":\"BreadcrumbList\",\"@id\":\"https:\\\/\\\/kt.gov.rs\\\/sq\\\/aktivitetet\\\/#breadcrumb\",\"itemListElement\":[{\"@type\":\"ListItem\",\"position\":1,\"name\":\"\u041f\u043e\u0447\u0435\u0442\u043d\u0430\",\"item\":\"https:\\\/\\\/kt.gov.rs\\\/sq\\\/\"},{\"@type\":\"ListItem\",\"position\":2,\"name\":\"Aktivitetet\"}]},{\"@type\":\"WebSite\",\"@id\":\"https:\\\/\\\/kt.gov.rs\\\/#website\",\"url\":\"https:\\\/\\\/kt.gov.rs\\\/\",\"name\":\"\u041a\u043e\u043e\u0440\u0434\u0438\u043d\u0430\u0446\u0438\u043e\u043d\u043e \u0442\u0435\u043b\u043e \u0412\u043b\u0430\u0434\u0435 \u0420\u0435\u043f\u0443\u0431\u043b\u0438\u043a\u0435 \u0421\u0440\u0431\u0438\u0458\u0435 \u0437\u0430 \u043e\u043f\u0448\u0442\u0438\u043d\u0435 \u041f\u0440\u0435\u0448\u0435\u0432\u043e, \u0411\u0443\u0458\u0430\u043d\u043e\u0432\u0430\u0446 \u0438 \u041c\u0435\u0434\u0432\u0435\u0452a\",\"description\":\"\",\"publisher\":{\"@id\":\"https:\\\/\\\/kt.gov.rs\\\/#organization\"},\"alternateName\":\"\u041a\u043e\u043e\u0440\u0434\u0438\u043d\u0430\u0446\u0438\u043e\u043d\u043e \u0442\u0435\u043b\u043e\",\"potentialAction\":[{\"@type\":\"SearchAction\",\"target\":{\"@type\":\"EntryPoint\",\"urlTemplate\":\"https:\\\/\\\/kt.gov.rs\\\/?s={search_term_string}\"},\"query-input\":{\"@type\":\"PropertyValueSpecification\",\"valueRequired\":true,\"valueName\":\"search_term_string\"}}],\"inLanguage\":\"sq-AL\"},{\"@type\":\"Organization\",\"@id\":\"https:\\\/\\\/kt.gov.rs\\\/#organization\",\"name\":\"\u041a\u043e\u043e\u0440\u0434\u0438\u043d\u0430\u0446\u0438\u043e\u043d\u043e \u0442\u0435\u043b\u043e \u0412\u043b\u0430\u0434\u0435 \u0420\u0435\u043f\u0443\u0431\u043b\u0438\u043a\u0435 \u0421\u0440\u0431\u0438\u0458\u0435 \u0437\u0430 \u043e\u043f\u0448\u0442\u0438\u043d\u0435 \u041f\u0440\u0435\u0448\u0435\u0432\u043e, \u0411\u0443\u0458\u0430\u043d\u043e\u0432\u0430\u0446 \u0438 \u041c\u0435\u0434\u0432\u0435\u0452a\",\"alternateName\":\"\u041a\u043e\u043e\u0440\u0434\u0438\u043d\u0430\u0446\u0438\u043e\u043d\u043e \u0442\u0435\u043b\u043e\",\"url\":\"https:\\\/\\\/kt.gov.rs\\\/\",\"logo\":{\"@type\":\"ImageObject\",\"inLanguage\":\"sq-AL\",\"@id\":\"https:\\\/\\\/kt.gov.rs\\\/#\\\/schema\\\/logo\\\/image\\\/\",\"url\":\"https:\\\/\\\/kt.gov.rs\\\/wp-content\\\/uploads\\\/2024\\\/12\\\/koord2.jpg\",\"contentUrl\":\"https:\\\/\\\/kt.gov.rs\\\/wp-content\\\/uploads\\\/2024\\\/12\\\/koord2.jpg\",\"width\":640,\"height\":480,\"caption\":\"\u041a\u043e\u043e\u0440\u0434\u0438\u043d\u0430\u0446\u0438\u043e\u043d\u043e \u0442\u0435\u043b\u043e \u0412\u043b\u0430\u0434\u0435 \u0420\u0435\u043f\u0443\u0431\u043b\u0438\u043a\u0435 \u0421\u0440\u0431\u0438\u0458\u0435 \u0437\u0430 \u043e\u043f\u0448\u0442\u0438\u043d\u0435 \u041f\u0440\u0435\u0448\u0435\u0432\u043e, \u0411\u0443\u0458\u0430\u043d\u043e\u0432\u0430\u0446 \u0438 \u041c\u0435\u0434\u0432\u0435\u0452a\"},\"image\":{\"@id\":\"https:\\\/\\\/kt.gov.rs\\\/#\\\/schema\\\/logo\\\/image\\\/\"},\"sameAs\":[\"https:\\\/\\\/www.facebook.com\\\/SluzbaKoordinacionogTelaVladeRepublikeSrbije\",\"https:\\\/\\\/x.com\\\/kt_gov\",\"https:\\\/\\\/www.youtube.com\\\/@koordinacionotelo\"]}]}<\/script>\n<!-- \/ Yoast SEO plugin. -->","yoast_head_json":{"title":"Aktivitetet - Republika e S\u00ebrbis\u00eb Trupi Koordinues p\u00ebr komunat Bujanoc, Preshev\u00eb dhe Medvegj\u00eb","robots":{"index":"index","follow":"follow","max-snippet":"max-snippet:-1","max-image-preview":"max-image-preview:large","max-video-preview":"max-video-preview:-1"},"canonical":"https:\/\/kt.gov.rs\/sq\/aktivitetet\/","og_locale":"sq_AL","og_type":"article","og_title":"Aktivitetet - Republika e S\u00ebrbis\u00eb Trupi Koordinues p\u00ebr komunat Bujanoc, Preshev\u00eb dhe Medvegj\u00eb","og_description":"[vc_row css=\u201d.vc_custom_1731460907973{margin-top: 40px !important;padding-right: 20px !important;padding-left: 20px !important;}\u201d][vc_column][vc_custom_heading text=\u201dAktivitetet\u201d font_container=\u201dtag:h2|font_size:33|text_align:left|color:%23000000\u2033 google_fonts=\u201dfont_family:Roboto%3A100%2C100italic%2C300%2C300italic%2Cregular%2Citalic%2C500%2C500italic%2C700%2C700italic%2C900%2C900italic|font_style:500%20bold%20regular%3A500%3Anormal\u201d css=\u201d.vc_custom_1765966618467{padding-left: 20px !important;}\u201d][\/vc_column][\/vc_row][vc_row css=\u201d.vc_custom_1731454945054{margin-top: 40px !important;padding-top: 20px !important;padding-right: 20px !important;padding-bottom: 20px !important;padding-left: 20px !important;background-color: #f4f4f4 !important;border-radius: 5px !important;}\u201d][vc_column][vc_single_image image=\u201d144095\u2033 img_size=\u201dfull\u201d alignment=\u201dcenter\u201d style=\u201dvc_box_rounded\u201d css_animation=\u201dfadeIn\u201d css=\u201d.vc_custom_1731629554588{padding-top: 20px !important;padding-bottom: 20px !important;border-radius: 5px !important;}\u201d][vc_column_text css=\u201d.vc_custom_1765966598526{padding-right: 20px !important;padding-left: 20px !important;}\u201d] \u0422rupi Koordinues zbaton politik\u00ebn e Qeveris\u00eb s\u00eb Republik\u00ebs s\u00eb","og_url":"https:\/\/kt.gov.rs\/sq\/aktivitetet\/","og_site_name":"Republika e S\u00ebrbis\u00eb Trupi Koordinues p\u00ebr komunat Bujanoc, Preshev\u00eb dhe Medvegj\u00eb","article_publisher":"https:\/\/www.facebook.com\/SluzbaKoordinacionogTelaVladeRepublikeSrbije","article_modified_time":"2025-12-17T17:12:13+00:00","twitter_card":"summary_large_image","twitter_site":"@kt_gov","twitter_misc":{"Est. reading time":"2 minutes"},"schema":{"@context":"https:\/\/schema.org","@graph":[{"@type":"WebPage","@id":"https:\/\/kt.gov.rs\/sq\/aktivitetet\/","url":"https:\/\/kt.gov.rs\/sq\/aktivitetet\/","name":"Aktivitetet - Republika e S\u00ebrbis\u00eb Trupi Koordinues p\u00ebr komunat Bujanoc, Preshev\u00eb dhe Medvegj\u00eb","isPartOf":{"@id":"https:\/\/kt.gov.rs\/#website"},"datePublished":"2024-11-15T00:12:37+00:00","dateModified":"2025-12-17T17:12:13+00:00","breadcrumb":{"@id":"https:\/\/kt.gov.rs\/sq\/aktivitetet\/#breadcrumb"},"inLanguage":"sq-AL","potentialAction":[{"@type":"ReadAction","target":["https:\/\/kt.gov.rs\/sq\/aktivitetet\/"]}]},{"@type":"BreadcrumbList","@id":"https:\/\/kt.gov.rs\/sq\/aktivitetet\/#breadcrumb","itemListElement":[{"@type":"ListItem","position":1,"name":"\u041f\u043e\u0447\u0435\u0442\u043d\u0430","item":"https:\/\/kt.gov.rs\/sq\/"},{"@type":"ListItem","position":2,"name":"Aktivitetet"}]},{"@type":"WebSite","@id":"https:\/\/kt.gov.rs\/#website","url":"https:\/\/kt.gov.rs\/","name":"\u041a\u043e\u043e\u0440\u0434\u0438\u043d\u0430\u0446\u0438\u043e\u043d\u043e \u0442\u0435\u043b\u043e \u0412\u043b\u0430\u0434\u0435 \u0420\u0435\u043f\u0443\u0431\u043b\u0438\u043a\u0435 \u0421\u0440\u0431\u0438\u0458\u0435 \u0437\u0430 \u043e\u043f\u0448\u0442\u0438\u043d\u0435 \u041f\u0440\u0435\u0448\u0435\u0432\u043e, \u0411\u0443\u0458\u0430\u043d\u043e\u0432\u0430\u0446 \u0438 \u041c\u0435\u0434\u0432\u0435\u0452a","description":"","publisher":{"@id":"https:\/\/kt.gov.rs\/#organization"},"alternateName":"\u041a\u043e\u043e\u0440\u0434\u0438\u043d\u0430\u0446\u0438\u043e\u043d\u043e \u0442\u0435\u043b\u043e","potentialAction":[{"@type":"SearchAction","target":{"@type":"EntryPoint","urlTemplate":"https:\/\/kt.gov.rs\/?s={search_term_string}"},"query-input":{"@type":"PropertyValueSpecification","valueRequired":true,"valueName":"search_term_string"}}],"inLanguage":"sq-AL"},{"@type":"Organization","@id":"https:\/\/kt.gov.rs\/#organization","name":"\u041a\u043e\u043e\u0440\u0434\u0438\u043d\u0430\u0446\u0438\u043e\u043d\u043e \u0442\u0435\u043b\u043e \u0412\u043b\u0430\u0434\u0435 \u0420\u0435\u043f\u0443\u0431\u043b\u0438\u043a\u0435 \u0421\u0440\u0431\u0438\u0458\u0435 \u0437\u0430 \u043e\u043f\u0448\u0442\u0438\u043d\u0435 \u041f\u0440\u0435\u0448\u0435\u0432\u043e, \u0411\u0443\u0458\u0430\u043d\u043e\u0432\u0430\u0446 \u0438 \u041c\u0435\u0434\u0432\u0435\u0452a","alternateName":"\u041a\u043e\u043e\u0440\u0434\u0438\u043d\u0430\u0446\u0438\u043e\u043d\u043e \u0442\u0435\u043b\u043e","url":"https:\/\/kt.gov.rs\/","logo":{"@type":"ImageObject","inLanguage":"sq-AL","@id":"https:\/\/kt.gov.rs\/#\/schema\/logo\/image\/","url":"https:\/\/kt.gov.rs\/wp-content\/uploads\/2024\/12\/koord2.jpg","contentUrl":"https:\/\/kt.gov.rs\/wp-content\/uploads\/2024\/12\/koord2.jpg","width":640,"height":480,"caption":"\u041a\u043e\u043e\u0440\u0434\u0438\u043d\u0430\u0446\u0438\u043e\u043d\u043e \u0442\u0435\u043b\u043e \u0412\u043b\u0430\u0434\u0435 \u0420\u0435\u043f\u0443\u0431\u043b\u0438\u043a\u0435 \u0421\u0440\u0431\u0438\u0458\u0435 \u0437\u0430 \u043e\u043f\u0448\u0442\u0438\u043d\u0435 \u041f\u0440\u0435\u0448\u0435\u0432\u043e, \u0411\u0443\u0458\u0430\u043d\u043e\u0432\u0430\u0446 \u0438 \u041c\u0435\u0434\u0432\u0435\u0452a"},"image":{"@id":"https:\/\/kt.gov.rs\/#\/schema\/logo\/image\/"},"sameAs":["https:\/\/www.facebook.com\/SluzbaKoordinacionogTelaVladeRepublikeSrbije","https:\/\/x.com\/kt_gov","https:\/\/www.youtube.com\/@koordinacionotelo"]}]}},"_links":{"self":[{"href":"https:\/\/kt.gov.rs\/sq\/wp-json\/wp\/v2\/pages\/146230","targetHints":{"allow":["GET"]}}],"collection":[{"href":"https:\/\/kt.gov.rs\/sq\/wp-json\/wp\/v2\/pages"}],"about":[{"href":"https:\/\/kt.gov.rs\/sq\/wp-json\/wp\/v2\/types\/page"}],"author":[{"embeddable":true,"href":"https:\/\/kt.gov.rs\/sq\/wp-json\/wp\/v2\/users\/1"}],"replies":[{"embeddable":true,"href":"https:\/\/kt.gov.rs\/sq\/wp-json\/wp\/v2\/comments?post=146230"}],"version-history":[{"count":2,"href":"https:\/\/kt.gov.rs\/sq\/wp-json\/wp\/v2\/pages\/146230\/revisions"}],"predecessor-version":[{"id":146232,"href":"https:\/\/kt.gov.rs\/sq\/wp-json\/wp\/v2\/pages\/146230\/revisions\/146232"}],"wp:attachment":[{"href":"https:\/\/kt.gov.rs\/sq\/wp-json\/wp\/v2\/media?parent=146230"}],"curies":[{"name":"wp","href":"https:\/\/api.w.org\/{rel}","templated":true}]}}