{"id":144494,"date":"2024-11-13T02:43:42","date_gmt":"2024-11-13T00:43:42","guid":{"rendered":"http:\/\/kt.printandscreen.rs\/?page_id=144494"},"modified":"2024-12-05T04:08:56","modified_gmt":"2024-12-05T02:08:56","slug":"historiku-dhe-misioni","status":"publish","type":"page","link":"https:\/\/kt.gov.rs\/sq\/historiku-dhe-misioni\/","title":{"rendered":"Historiku dhe misioni"},"content":{"rendered":"<div class=\"wpb-content-wrapper\"><p>[vc_row css=\u201d.vc_custom_1731460907973{margin-top: 40px !important;padding-right: 20px !important;padding-left: 20px !important;}\u201d][vc_column][vc_custom_heading text=\u201dHistoriku dhe misioni\u201d font_container=\u201dtag:h2|font_size:33|text_align:left|color:%23000000\u2033 google_fonts=\u201dfont_family:Roboto%3A100%2C100italic%2C300%2C300italic%2Cregular%2Citalic%2C500%2C500italic%2C700%2C700italic%2C900%2C900italic|font_style:500%20bold%20regular%3A500%3Anormal\u201d css=\u201d.vc_custom_1733364463215{padding-left: 20px !important;}\u201d][\/vc_column][\/vc_row][vc_row css=\u201d.vc_custom_1731454945054{margin-top: 40px !important;padding-top: 20px !important;padding-right: 20px !important;padding-bottom: 20px !important;padding-left: 20px !important;background-color: #f4f4f4 !important;border-radius: 5px !important;}\u201d][vc_column][vc_single_image image=\u201d143946\u2033 img_size=\u201dfull\u201d alignment=\u201dcenter\u201d style=\u201dvc_box_rounded\u201d css_animation=\u201dfadeIn\u201d css=\u201d.vc_custom_1731455209752{padding-top: 20px !important;padding-bottom: 20px !important;border-radius: 5px !important;}\u201d][vc_column_text css=\u201d.vc_custom_1733364289752{padding-right: 20px !important;padding-left: 20px !important;}\u201d]<u>Historijati i Trupit Koordinues<\/u><\/p>\n<p>Presheva, Bujanoci dhe Medvegja, tri komunat n\u00eb Serbin\u00eb jugore, q\u00eb nga fillimi i kriz\u00ebs n\u00eb vitin 2000 kan\u00eb nj\u00eb v\u00ebmendje t\u00eb veqant n\u00eb suaza t\u00eb institucionenve politike t\u00eb Qeveris\u00eb s\u00eb S\u00ebrbis\u00eb. Kjo v\u00ebmendje ka pasur p\u00ebr q\u00ebllim qet\u00ebsimin e tensioneve nd\u00ebretnike, ndalimet e konfliktit t\u00eb armatosur si dhe normalizimin e jet\u00ebs s\u00eb qytetar\u00ebve t\u00eb k\u00ebtyre tri komunave n\u00eb S\u00ebrbin\u00eb Jugore. Nga ana tjet\u00ebr, n\u00eb nj\u00eb periudh\u00eb m\u00eb t\u00eb gjat\u00eb kohore, shteti \u00ebsht\u00eb fokusuar n\u00eb nd\u00ebrtimin e kapaciteteve n\u00eb Preshev\u00eb, Bujanoc dhe Medvegj\u00eb, zhvillimin e m\u00ebtutjesh\u00ebm ekonomik si dhe integrimin politik dhe shoq\u00ebror\u00eb q\u00eb t\u00eb vij\u00eb deri te stabiliteti i k\u00ebsaj treve. Trupi Koordinues i Qeveris\u00eb Republik\u00ebs s\u00eb Jugosllavis\u00eb (SRJ) si dhe Qeveris\u00eb s\u00eb Republik\u00ebs s\u00eb S\u00ebrbis\u00eb \u00ebsht\u00eb formuar m\u00eb 16 dhjetor\u00eb t\u00eb vitit 2000. Formimi i Trupit Koordinues, n\u00eb politik\u00ebn e shtetit t\u00eb S\u00ebrbis\u00eb ka pasur nj\u00eb kahje tjet\u00ebr t\u00eb afrimit n\u00eb zgjidhjen e problemeve dhe konflikteve t\u00eb armatosura.Trupi Koordinues \u00ebsht\u00eb nj\u00eb shembull i mir\u00eb i praktik\u00ebs rreth zgjidhjes s\u00eb problemeve n\u00eb m\u00ebnyr\u00eb paq\u00ebsore e jo me mjete ushtarake.<\/p>\n<p><u>Misioni i Trupi Koordinues<\/u><\/p>\n<p>Trupi Koordinues i Qeveris\u00eb s\u00eb S\u00ebrbis\u00eb p\u00ebr komunat Preshev\u00eb, Bujanoc dhe Medvegj\u00eb osht\u00eb organ administrativo-egzekutiv i cili koordinon aktivitetet e Qeveris\u00eb s\u00eb S\u00ebrbis\u00eb, organeve shtet\u00ebrore, sh\u00ebrbimit publik, organet e qeverisjes lokale si dhe qytetar\u00ebve\u00a0 t\u00eb komunave t\u00eb Preshev\u00ebs, Bujanocit dhe Medvegj\u00ebs me q\u00ebllim t\u00eb zhvillimit t\u00eb k\u00ebtyre tri komunave si politikisht, stabilitetin ekonomik dhe t\u00eb siguris\u00eb, me standarde t\u00eb zhvilluara p\u00ebr jet\u00ebn e qytetar\u00ebve duke i respektuar t\u00eb drejtat njer\u00ebzore, t\u00eb pakicave, t\u00eb fes\u00eb si dhe t\u00eb drejtat dhe lirit\u00eb e qdo qytetari.<br \/>\nTrupi Koordinues vepron si faktor\u00eb aktiv, para s\u00eb gjithash, n\u00eb ngritjen e shkall\u00ebs s\u00eb integrimit politik, sigurimin e qytetar\u00ebve, zhvillimin ekonomik, nd\u00ebrtimin e shoq\u00ebris\u00eb civile si dhe p\u00ebrkrah\u00eb\u00a0 aktivitetet e qytetar\u00ebve.<br \/>\nTrupi Koordinues, p\u00ebr arritjen e q\u00ebllimeve t\u00eb tij, n\u00eb m\u00ebnyr\u00eb aktive bashk\u00ebpunon me bashk\u00ebsin\u00eb nd\u00ebrkomb\u00ebtare rreth arritjes s\u00eb q\u00ebllimit t\u00eb tij\u00eb.<\/p>\n<p><u>Prioritetet<\/u><\/p>\n<p>Buxheti i Trupit Koordinues p\u00ebr vitin 2010 p\u00ebrmban sum\u00ebn prej 421.550.000 dinar\u00ebsh dhe \u00ebsht\u00eb b\u00ebr\u00eb n\u00eb at\u00eb m\u00ebnyr\u00eb q\u00eb t\u00eb mb\u00ebshtet\u00eb politik\u00ebn e Trupit Koordinues e cila ka kat\u00ebr prioritete baz\u00eb, dhe ate:<\/p>\n<p>1) arsimin<\/p>\n<p>2) problemin social<\/p>\n<p>3) zhvillimin ekonomik<\/p>\n<p>4) p\u00ebrforcimi i kapaciteteve t\u00eb shoq\u00ebris\u00eb civile[\/vc_column_text][\/vc_column][\/vc_row][vc_row css=\u201d.vc_custom_1731454961284{padding-top: 30px !important;}\u201d][vc_column width=\u201d1\/4\u2033][vc_facebook css=\u201d\u201d][\/vc_column][vc_column width=\u201d1\/4\u2033][vc_tweetmeme css=\u201d\u201d][\/vc_column][vc_column width=\u201d1\/4\u2033][\/vc_column][vc_column width=\u201d1\/4\u2033][\/vc_column][\/vc_row]<\/p>\n<!-- PMB print buttons is only displayed on a single post\/page URLs--><\/div>","protected":false},"excerpt":{"rendered":"<p>[vc_row css=\u201d.vc_custom_1731460907973{margin-top: 40px !important;padding-right: 20px !important;padding-left: 20px !important;}\u201d][vc_column][vc_custom_heading text=\u201dHistoriku dhe misioni\u201d font_container=\u201dtag:h2|font_size:33|text_align:left|color:%23000000\u2033 google_fonts=\u201dfont_family:Roboto%3A100%2C100italic%2C300%2C300italic%2Cregular%2Citalic%2C500%2C500italic%2C700%2C700italic%2C900%2C900italic|font_style:500%20bold%20regular%3A500%3Anormal\u201d css=\u201d.vc_custom_1733364463215{padding-left: 20px !important;}\u201d][\/vc_column][\/vc_row][vc_row css=\u201d.vc_custom_1731454945054{margin-top: 40px !important;padding-top: 20px !important;padding-right: 20px !important;padding-bottom: 20px !important;padding-left: 20px !important;background-color: #f4f4f4 !important;border-radius: 5px !important;}\u201d][vc_column][vc_single_image image=\u201d143946\u2033 img_size=\u201dfull\u201d alignment=\u201dcenter\u201d style=\u201dvc_box_rounded\u201d css_animation=\u201dfadeIn\u201d css=\u201d.vc_custom_1731455209752{padding-top: 20px !important;padding-bottom: 20px !important;border-radius: 5px !important;}\u201d][vc_column_text css=\u201d.vc_custom_1733364289752{padding-right: 20px !important;padding-left: 20px !important;}\u201d]Historijati i Trupit Koordinues Presheva, Bujanoci dhe Medvegja,<\/p>\n","protected":false},"author":1,"featured_media":0,"parent":0,"menu_order":0,"comment_status":"closed","ping_status":"closed","template":"template-default-without-breadcrumbs.php","meta":{"footnotes":""},"class_list":["post-144494","page","type-page","status-publish","hentry"],"yoast_head":"<!-- This site is optimized with the Yoast SEO plugin v27.3 - https:\/\/yoast.com\/product\/yoast-seo-wordpress\/ -->\n<title>Historiku dhe misioni - Republika e S\u00ebrbis\u00eb Trupi Koordinues p\u00ebr komunat Bujanoc, Preshev\u00eb dhe Medvegj\u00eb<\/title>\n<meta name=\"robots\" content=\"index, follow, max-snippet:-1, max-image-preview:large, max-video-preview:-1\" \/>\n<link rel=\"canonical\" href=\"https:\/\/kt.gov.rs\/sq\/historiku-dhe-misioni\/\" \/>\n<meta property=\"og:locale\" content=\"sq_AL\" \/>\n<meta property=\"og:type\" content=\"article\" \/>\n<meta property=\"og:title\" content=\"Historiku dhe misioni - Republika e S\u00ebrbis\u00eb Trupi Koordinues p\u00ebr komunat Bujanoc, Preshev\u00eb dhe Medvegj\u00eb\" \/>\n<meta property=\"og:description\" content=\"[vc_row css=\u201d.vc_custom_1731460907973{margin-top: 40px !important;padding-right: 20px !important;padding-left: 20px !important;}\u201d][vc_column][vc_custom_heading text=\u201dHistoriku dhe misioni\u201d font_container=\u201dtag:h2|font_size:33|text_align:left|color:%23000000\u2033 google_fonts=\u201dfont_family:Roboto%3A100%2C100italic%2C300%2C300italic%2Cregular%2Citalic%2C500%2C500italic%2C700%2C700italic%2C900%2C900italic|font_style:500%20bold%20regular%3A500%3Anormal\u201d css=\u201d.vc_custom_1733364463215{padding-left: 20px !important;}\u201d][\/vc_column][\/vc_row][vc_row css=\u201d.vc_custom_1731454945054{margin-top: 40px !important;padding-top: 20px !important;padding-right: 20px !important;padding-bottom: 20px !important;padding-left: 20px !important;background-color: #f4f4f4 !important;border-radius: 5px !important;}\u201d][vc_column][vc_single_image image=\u201d143946\u2033 img_size=\u201dfull\u201d alignment=\u201dcenter\u201d style=\u201dvc_box_rounded\u201d css_animation=\u201dfadeIn\u201d css=\u201d.vc_custom_1731455209752{padding-top: 20px !important;padding-bottom: 20px !important;border-radius: 5px !important;}\u201d][vc_column_text css=\u201d.vc_custom_1733364289752{padding-right: 20px !important;padding-left: 20px !important;}\u201d]Historijati i Trupit Koordinues Presheva, Bujanoci dhe Medvegja,\" \/>\n<meta property=\"og:url\" content=\"https:\/\/kt.gov.rs\/sq\/historiku-dhe-misioni\/\" \/>\n<meta property=\"og:site_name\" content=\"Republika e S\u00ebrbis\u00eb Trupi Koordinues p\u00ebr komunat Bujanoc, Preshev\u00eb dhe Medvegj\u00eb\" \/>\n<meta property=\"article:publisher\" content=\"https:\/\/www.facebook.com\/SluzbaKoordinacionogTelaVladeRepublikeSrbije\" \/>\n<meta property=\"article:modified_time\" content=\"2024-12-05T02:08:56+00:00\" \/>\n<meta name=\"twitter:card\" content=\"summary_large_image\" \/>\n<meta name=\"twitter:site\" content=\"@kt_gov\" \/>\n<meta name=\"twitter:label1\" content=\"Est. reading time\" \/>\n\t<meta name=\"twitter:data1\" content=\"3 minutes\" \/>\n<script type=\"application\/ld+json\" class=\"yoast-schema-graph\">{\"@context\":\"https:\\\/\\\/schema.org\",\"@graph\":[{\"@type\":\"WebPage\",\"@id\":\"https:\\\/\\\/kt.gov.rs\\\/sq\\\/historiku-dhe-misioni\\\/\",\"url\":\"https:\\\/\\\/kt.gov.rs\\\/sq\\\/historiku-dhe-misioni\\\/\",\"name\":\"Historiku dhe misioni - Republika e S\u00ebrbis\u00eb Trupi Koordinues p\u00ebr komunat Bujanoc, Preshev\u00eb dhe Medvegj\u00eb\",\"isPartOf\":{\"@id\":\"https:\\\/\\\/kt.gov.rs\\\/#website\"},\"datePublished\":\"2024-11-13T00:43:42+00:00\",\"dateModified\":\"2024-12-05T02:08:56+00:00\",\"breadcrumb\":{\"@id\":\"https:\\\/\\\/kt.gov.rs\\\/sq\\\/historiku-dhe-misioni\\\/#breadcrumb\"},\"inLanguage\":\"sq-AL\",\"potentialAction\":[{\"@type\":\"ReadAction\",\"target\":[\"https:\\\/\\\/kt.gov.rs\\\/sq\\\/historiku-dhe-misioni\\\/\"]}]},{\"@type\":\"BreadcrumbList\",\"@id\":\"https:\\\/\\\/kt.gov.rs\\\/sq\\\/historiku-dhe-misioni\\\/#breadcrumb\",\"itemListElement\":[{\"@type\":\"ListItem\",\"position\":1,\"name\":\"\u041f\u043e\u0447\u0435\u0442\u043d\u0430\",\"item\":\"https:\\\/\\\/kt.gov.rs\\\/sq\\\/\"},{\"@type\":\"ListItem\",\"position\":2,\"name\":\"Historiku dhe misioni\"}]},{\"@type\":\"WebSite\",\"@id\":\"https:\\\/\\\/kt.gov.rs\\\/#website\",\"url\":\"https:\\\/\\\/kt.gov.rs\\\/\",\"name\":\"\u041a\u043e\u043e\u0440\u0434\u0438\u043d\u0430\u0446\u0438\u043e\u043d\u043e \u0442\u0435\u043b\u043e \u0412\u043b\u0430\u0434\u0435 \u0420\u0435\u043f\u0443\u0431\u043b\u0438\u043a\u0435 \u0421\u0440\u0431\u0438\u0458\u0435 \u0437\u0430 \u043e\u043f\u0448\u0442\u0438\u043d\u0435 \u041f\u0440\u0435\u0448\u0435\u0432\u043e, \u0411\u0443\u0458\u0430\u043d\u043e\u0432\u0430\u0446 \u0438 \u041c\u0435\u0434\u0432\u0435\u0452a\",\"description\":\"\",\"publisher\":{\"@id\":\"https:\\\/\\\/kt.gov.rs\\\/#organization\"},\"alternateName\":\"\u041a\u043e\u043e\u0440\u0434\u0438\u043d\u0430\u0446\u0438\u043e\u043d\u043e \u0442\u0435\u043b\u043e\",\"potentialAction\":[{\"@type\":\"SearchAction\",\"target\":{\"@type\":\"EntryPoint\",\"urlTemplate\":\"https:\\\/\\\/kt.gov.rs\\\/?s={search_term_string}\"},\"query-input\":{\"@type\":\"PropertyValueSpecification\",\"valueRequired\":true,\"valueName\":\"search_term_string\"}}],\"inLanguage\":\"sq-AL\"},{\"@type\":\"Organization\",\"@id\":\"https:\\\/\\\/kt.gov.rs\\\/#organization\",\"name\":\"\u041a\u043e\u043e\u0440\u0434\u0438\u043d\u0430\u0446\u0438\u043e\u043d\u043e \u0442\u0435\u043b\u043e \u0412\u043b\u0430\u0434\u0435 \u0420\u0435\u043f\u0443\u0431\u043b\u0438\u043a\u0435 \u0421\u0440\u0431\u0438\u0458\u0435 \u0437\u0430 \u043e\u043f\u0448\u0442\u0438\u043d\u0435 \u041f\u0440\u0435\u0448\u0435\u0432\u043e, \u0411\u0443\u0458\u0430\u043d\u043e\u0432\u0430\u0446 \u0438 \u041c\u0435\u0434\u0432\u0435\u0452a\",\"alternateName\":\"\u041a\u043e\u043e\u0440\u0434\u0438\u043d\u0430\u0446\u0438\u043e\u043d\u043e \u0442\u0435\u043b\u043e\",\"url\":\"https:\\\/\\\/kt.gov.rs\\\/\",\"logo\":{\"@type\":\"ImageObject\",\"inLanguage\":\"sq-AL\",\"@id\":\"https:\\\/\\\/kt.gov.rs\\\/#\\\/schema\\\/logo\\\/image\\\/\",\"url\":\"https:\\\/\\\/kt.gov.rs\\\/wp-content\\\/uploads\\\/2024\\\/12\\\/koord2.jpg\",\"contentUrl\":\"https:\\\/\\\/kt.gov.rs\\\/wp-content\\\/uploads\\\/2024\\\/12\\\/koord2.jpg\",\"width\":640,\"height\":480,\"caption\":\"\u041a\u043e\u043e\u0440\u0434\u0438\u043d\u0430\u0446\u0438\u043e\u043d\u043e \u0442\u0435\u043b\u043e \u0412\u043b\u0430\u0434\u0435 \u0420\u0435\u043f\u0443\u0431\u043b\u0438\u043a\u0435 \u0421\u0440\u0431\u0438\u0458\u0435 \u0437\u0430 \u043e\u043f\u0448\u0442\u0438\u043d\u0435 \u041f\u0440\u0435\u0448\u0435\u0432\u043e, \u0411\u0443\u0458\u0430\u043d\u043e\u0432\u0430\u0446 \u0438 \u041c\u0435\u0434\u0432\u0435\u0452a\"},\"image\":{\"@id\":\"https:\\\/\\\/kt.gov.rs\\\/#\\\/schema\\\/logo\\\/image\\\/\"},\"sameAs\":[\"https:\\\/\\\/www.facebook.com\\\/SluzbaKoordinacionogTelaVladeRepublikeSrbije\",\"https:\\\/\\\/x.com\\\/kt_gov\",\"https:\\\/\\\/www.youtube.com\\\/@koordinacionotelo\"]}]}<\/script>\n<!-- \/ Yoast SEO plugin. -->","yoast_head_json":{"title":"Historiku dhe misioni - Republika e S\u00ebrbis\u00eb Trupi Koordinues p\u00ebr komunat Bujanoc, Preshev\u00eb dhe Medvegj\u00eb","robots":{"index":"index","follow":"follow","max-snippet":"max-snippet:-1","max-image-preview":"max-image-preview:large","max-video-preview":"max-video-preview:-1"},"canonical":"https:\/\/kt.gov.rs\/sq\/historiku-dhe-misioni\/","og_locale":"sq_AL","og_type":"article","og_title":"Historiku dhe misioni - Republika e S\u00ebrbis\u00eb Trupi Koordinues p\u00ebr komunat Bujanoc, Preshev\u00eb dhe Medvegj\u00eb","og_description":"[vc_row css=\u201d.vc_custom_1731460907973{margin-top: 40px !important;padding-right: 20px !important;padding-left: 20px !important;}\u201d][vc_column][vc_custom_heading text=\u201dHistoriku dhe misioni\u201d font_container=\u201dtag:h2|font_size:33|text_align:left|color:%23000000\u2033 google_fonts=\u201dfont_family:Roboto%3A100%2C100italic%2C300%2C300italic%2Cregular%2Citalic%2C500%2C500italic%2C700%2C700italic%2C900%2C900italic|font_style:500%20bold%20regular%3A500%3Anormal\u201d css=\u201d.vc_custom_1733364463215{padding-left: 20px !important;}\u201d][\/vc_column][\/vc_row][vc_row css=\u201d.vc_custom_1731454945054{margin-top: 40px !important;padding-top: 20px !important;padding-right: 20px !important;padding-bottom: 20px !important;padding-left: 20px !important;background-color: #f4f4f4 !important;border-radius: 5px !important;}\u201d][vc_column][vc_single_image image=\u201d143946\u2033 img_size=\u201dfull\u201d alignment=\u201dcenter\u201d style=\u201dvc_box_rounded\u201d css_animation=\u201dfadeIn\u201d css=\u201d.vc_custom_1731455209752{padding-top: 20px !important;padding-bottom: 20px !important;border-radius: 5px !important;}\u201d][vc_column_text css=\u201d.vc_custom_1733364289752{padding-right: 20px !important;padding-left: 20px !important;}\u201d]Historijati i Trupit Koordinues Presheva, Bujanoci dhe Medvegja,","og_url":"https:\/\/kt.gov.rs\/sq\/historiku-dhe-misioni\/","og_site_name":"Republika e S\u00ebrbis\u00eb Trupi Koordinues p\u00ebr komunat Bujanoc, Preshev\u00eb dhe Medvegj\u00eb","article_publisher":"https:\/\/www.facebook.com\/SluzbaKoordinacionogTelaVladeRepublikeSrbije","article_modified_time":"2024-12-05T02:08:56+00:00","twitter_card":"summary_large_image","twitter_site":"@kt_gov","twitter_misc":{"Est. reading time":"3 minutes"},"schema":{"@context":"https:\/\/schema.org","@graph":[{"@type":"WebPage","@id":"https:\/\/kt.gov.rs\/sq\/historiku-dhe-misioni\/","url":"https:\/\/kt.gov.rs\/sq\/historiku-dhe-misioni\/","name":"Historiku dhe misioni - Republika e S\u00ebrbis\u00eb Trupi Koordinues p\u00ebr komunat Bujanoc, Preshev\u00eb dhe Medvegj\u00eb","isPartOf":{"@id":"https:\/\/kt.gov.rs\/#website"},"datePublished":"2024-11-13T00:43:42+00:00","dateModified":"2024-12-05T02:08:56+00:00","breadcrumb":{"@id":"https:\/\/kt.gov.rs\/sq\/historiku-dhe-misioni\/#breadcrumb"},"inLanguage":"sq-AL","potentialAction":[{"@type":"ReadAction","target":["https:\/\/kt.gov.rs\/sq\/historiku-dhe-misioni\/"]}]},{"@type":"BreadcrumbList","@id":"https:\/\/kt.gov.rs\/sq\/historiku-dhe-misioni\/#breadcrumb","itemListElement":[{"@type":"ListItem","position":1,"name":"\u041f\u043e\u0447\u0435\u0442\u043d\u0430","item":"https:\/\/kt.gov.rs\/sq\/"},{"@type":"ListItem","position":2,"name":"Historiku dhe misioni"}]},{"@type":"WebSite","@id":"https:\/\/kt.gov.rs\/#website","url":"https:\/\/kt.gov.rs\/","name":"\u041a\u043e\u043e\u0440\u0434\u0438\u043d\u0430\u0446\u0438\u043e\u043d\u043e \u0442\u0435\u043b\u043e \u0412\u043b\u0430\u0434\u0435 \u0420\u0435\u043f\u0443\u0431\u043b\u0438\u043a\u0435 \u0421\u0440\u0431\u0438\u0458\u0435 \u0437\u0430 \u043e\u043f\u0448\u0442\u0438\u043d\u0435 \u041f\u0440\u0435\u0448\u0435\u0432\u043e, \u0411\u0443\u0458\u0430\u043d\u043e\u0432\u0430\u0446 \u0438 \u041c\u0435\u0434\u0432\u0435\u0452a","description":"","publisher":{"@id":"https:\/\/kt.gov.rs\/#organization"},"alternateName":"\u041a\u043e\u043e\u0440\u0434\u0438\u043d\u0430\u0446\u0438\u043e\u043d\u043e \u0442\u0435\u043b\u043e","potentialAction":[{"@type":"SearchAction","target":{"@type":"EntryPoint","urlTemplate":"https:\/\/kt.gov.rs\/?s={search_term_string}"},"query-input":{"@type":"PropertyValueSpecification","valueRequired":true,"valueName":"search_term_string"}}],"inLanguage":"sq-AL"},{"@type":"Organization","@id":"https:\/\/kt.gov.rs\/#organization","name":"\u041a\u043e\u043e\u0440\u0434\u0438\u043d\u0430\u0446\u0438\u043e\u043d\u043e \u0442\u0435\u043b\u043e \u0412\u043b\u0430\u0434\u0435 \u0420\u0435\u043f\u0443\u0431\u043b\u0438\u043a\u0435 \u0421\u0440\u0431\u0438\u0458\u0435 \u0437\u0430 \u043e\u043f\u0448\u0442\u0438\u043d\u0435 \u041f\u0440\u0435\u0448\u0435\u0432\u043e, \u0411\u0443\u0458\u0430\u043d\u043e\u0432\u0430\u0446 \u0438 \u041c\u0435\u0434\u0432\u0435\u0452a","alternateName":"\u041a\u043e\u043e\u0440\u0434\u0438\u043d\u0430\u0446\u0438\u043e\u043d\u043e \u0442\u0435\u043b\u043e","url":"https:\/\/kt.gov.rs\/","logo":{"@type":"ImageObject","inLanguage":"sq-AL","@id":"https:\/\/kt.gov.rs\/#\/schema\/logo\/image\/","url":"https:\/\/kt.gov.rs\/wp-content\/uploads\/2024\/12\/koord2.jpg","contentUrl":"https:\/\/kt.gov.rs\/wp-content\/uploads\/2024\/12\/koord2.jpg","width":640,"height":480,"caption":"\u041a\u043e\u043e\u0440\u0434\u0438\u043d\u0430\u0446\u0438\u043e\u043d\u043e \u0442\u0435\u043b\u043e \u0412\u043b\u0430\u0434\u0435 \u0420\u0435\u043f\u0443\u0431\u043b\u0438\u043a\u0435 \u0421\u0440\u0431\u0438\u0458\u0435 \u0437\u0430 \u043e\u043f\u0448\u0442\u0438\u043d\u0435 \u041f\u0440\u0435\u0448\u0435\u0432\u043e, \u0411\u0443\u0458\u0430\u043d\u043e\u0432\u0430\u0446 \u0438 \u041c\u0435\u0434\u0432\u0435\u0452a"},"image":{"@id":"https:\/\/kt.gov.rs\/#\/schema\/logo\/image\/"},"sameAs":["https:\/\/www.facebook.com\/SluzbaKoordinacionogTelaVladeRepublikeSrbije","https:\/\/x.com\/kt_gov","https:\/\/www.youtube.com\/@koordinacionotelo"]}]}},"_links":{"self":[{"href":"https:\/\/kt.gov.rs\/sq\/wp-json\/wp\/v2\/pages\/144494","targetHints":{"allow":["GET"]}}],"collection":[{"href":"https:\/\/kt.gov.rs\/sq\/wp-json\/wp\/v2\/pages"}],"about":[{"href":"https:\/\/kt.gov.rs\/sq\/wp-json\/wp\/v2\/types\/page"}],"author":[{"embeddable":true,"href":"https:\/\/kt.gov.rs\/sq\/wp-json\/wp\/v2\/users\/1"}],"replies":[{"embeddable":true,"href":"https:\/\/kt.gov.rs\/sq\/wp-json\/wp\/v2\/comments?post=144494"}],"version-history":[{"count":3,"href":"https:\/\/kt.gov.rs\/sq\/wp-json\/wp\/v2\/pages\/144494\/revisions"}],"predecessor-version":[{"id":144497,"href":"https:\/\/kt.gov.rs\/sq\/wp-json\/wp\/v2\/pages\/144494\/revisions\/144497"}],"wp:attachment":[{"href":"https:\/\/kt.gov.rs\/sq\/wp-json\/wp\/v2\/media?parent=144494"}],"curies":[{"name":"wp","href":"https:\/\/api.w.org\/{rel}","templated":true}]}}